{"id":3511,"date":"2021-08-26T11:28:37","date_gmt":"2021-08-26T07:28:37","guid":{"rendered":"https:\/\/smeltd.az\/sif-haqqinda\/"},"modified":"2025-06-27T10:37:49","modified_gmt":"2025-06-27T06:37:49","slug":"sif-haqqinda","status":"publish","type":"page","link":"https:\/\/smeltd.az\/tr\/sif-haqqinda\/","title":{"rendered":"S\u0130F hakk\u0131nda"},"content":{"rendered":"\t\t<div data-elementor-type=\"wp-page\" data-elementor-id=\"3511\" class=\"elementor elementor-3511 elementor-527\" data-elementor-post-type=\"page\">\n\t\t\t\t\t\t<section class=\"has_ae_slider elementor-section elementor-top-section elementor-element elementor-element-851a6a8 elementor-section-height-min-height elementor-section-boxed elementor-section-height-default elementor-section-items-middle ae-bg-gallery-type-default\" data-id=\"851a6a8\" data-element_type=\"section\" data-settings=\"{&quot;jet_parallax_layout_list&quot;:[{&quot;jet_parallax_layout_image&quot;:{&quot;url&quot;:&quot;&quot;,&quot;id&quot;:&quot;&quot;,&quot;size&quot;:&quot;&quot;},&quot;_id&quot;:&quot;81a6827&quot;,&quot;jet_parallax_layout_image_tablet&quot;:{&quot;url&quot;:&quot;&quot;,&quot;id&quot;:&quot;&quot;,&quot;size&quot;:&quot;&quot;},&quot;jet_parallax_layout_image_mobile&quot;:{&quot;url&quot;:&quot;&quot;,&quot;id&quot;:&quot;&quot;,&quot;size&quot;:&quot;&quot;},&quot;jet_parallax_layout_speed&quot;:{&quot;unit&quot;:&quot;%&quot;,&quot;size&quot;:50,&quot;sizes&quot;:[]},&quot;jet_parallax_layout_type&quot;:&quot;scroll&quot;,&quot;jet_parallax_layout_direction&quot;:&quot;1&quot;,&quot;jet_parallax_layout_fx_direction&quot;:null,&quot;jet_parallax_layout_z_index&quot;:&quot;&quot;,&quot;jet_parallax_layout_bg_x&quot;:50,&quot;jet_parallax_layout_bg_x_tablet&quot;:&quot;&quot;,&quot;jet_parallax_layout_bg_x_mobile&quot;:&quot;&quot;,&quot;jet_parallax_layout_bg_y&quot;:50,&quot;jet_parallax_layout_bg_y_tablet&quot;:&quot;&quot;,&quot;jet_parallax_layout_bg_y_mobile&quot;:&quot;&quot;,&quot;jet_parallax_layout_bg_size&quot;:&quot;auto&quot;,&quot;jet_parallax_layout_bg_size_tablet&quot;:&quot;&quot;,&quot;jet_parallax_layout_bg_size_mobile&quot;:&quot;&quot;,&quot;jet_parallax_layout_animation_prop&quot;:&quot;transform&quot;,&quot;jet_parallax_layout_on&quot;:[&quot;desktop&quot;,&quot;tablet&quot;]}],&quot;background_background&quot;:&quot;gradient&quot;}\">\n\t\t\t\t\t\t<div class=\"elementor-container elementor-column-gap-default\">\n\t\t\t\t\t<div class=\"has_ae_slider elementor-column elementor-col-100 elementor-top-column elementor-element elementor-element-9235e7e ae-bg-gallery-type-default\" data-id=\"9235e7e\" data-element_type=\"column\">\n\t\t\t<div class=\"elementor-widget-wrap elementor-element-populated\">\n\t\t\t\t\t\t\t<\/div>\n\t\t<\/div>\n\t\t\t\t\t<\/div>\n\t\t<\/section>\n\t\t\t\t<section class=\"has_ae_slider elementor-section elementor-top-section elementor-element elementor-element-7aac95d elementor-section-boxed elementor-section-height-default elementor-section-height-default ae-bg-gallery-type-default\" data-id=\"7aac95d\" data-element_type=\"section\" data-settings=\"{&quot;jet_parallax_layout_list&quot;:[{&quot;jet_parallax_layout_image&quot;:{&quot;url&quot;:&quot;&quot;,&quot;id&quot;:&quot;&quot;,&quot;size&quot;:&quot;&quot;},&quot;_id&quot;:&quot;ec4bc15&quot;,&quot;jet_parallax_layout_image_tablet&quot;:{&quot;url&quot;:&quot;&quot;,&quot;id&quot;:&quot;&quot;,&quot;size&quot;:&quot;&quot;},&quot;jet_parallax_layout_image_mobile&quot;:{&quot;url&quot;:&quot;&quot;,&quot;id&quot;:&quot;&quot;,&quot;size&quot;:&quot;&quot;},&quot;jet_parallax_layout_speed&quot;:{&quot;unit&quot;:&quot;%&quot;,&quot;size&quot;:50,&quot;sizes&quot;:[]},&quot;jet_parallax_layout_type&quot;:&quot;scroll&quot;,&quot;jet_parallax_layout_direction&quot;:&quot;1&quot;,&quot;jet_parallax_layout_fx_direction&quot;:null,&quot;jet_parallax_layout_z_index&quot;:&quot;&quot;,&quot;jet_parallax_layout_bg_x&quot;:50,&quot;jet_parallax_layout_bg_x_tablet&quot;:&quot;&quot;,&quot;jet_parallax_layout_bg_x_mobile&quot;:&quot;&quot;,&quot;jet_parallax_layout_bg_y&quot;:50,&quot;jet_parallax_layout_bg_y_tablet&quot;:&quot;&quot;,&quot;jet_parallax_layout_bg_y_mobile&quot;:&quot;&quot;,&quot;jet_parallax_layout_bg_size&quot;:&quot;auto&quot;,&quot;jet_parallax_layout_bg_size_tablet&quot;:&quot;&quot;,&quot;jet_parallax_layout_bg_size_mobile&quot;:&quot;&quot;,&quot;jet_parallax_layout_animation_prop&quot;:&quot;transform&quot;,&quot;jet_parallax_layout_on&quot;:[&quot;desktop&quot;,&quot;tablet&quot;]}]}\">\n\t\t\t\t\t\t<div class=\"elementor-container elementor-column-gap-default\">\n\t\t\t\t\t<div class=\"has_ae_slider elementor-column elementor-col-100 elementor-top-column elementor-element elementor-element-7445f72 ae-bg-gallery-type-default\" data-id=\"7445f72\" data-element_type=\"column\">\n\t\t\t<div class=\"elementor-widget-wrap elementor-element-populated\">\n\t\t\t\t\t\t<div class=\"elementor-element elementor-element-12a5257 elementor-widget elementor-widget-text-editor\" data-id=\"12a5257\" data-element_type=\"widget\" data-widget_type=\"text-editor.default\">\n\t\t\t\t<div class=\"elementor-widget-container\">\n\t\t\t\t\t\t\t\t\t<p style=\"text-align: center\"><strong>Giri\u015fimcili\u011fin \u0130nki\u015faf\u0131 Fondu\u2019na Sunulan \u0130\u015f Planlar\u0131<\/strong><\/p>\n<p>SIF, \u00fclkedeki en b\u00fcy\u00fck finansal kaynaklara, kredi imk\u00e2nlar\u0131na ve portf\u00f6ye sahip fondur. SIF, imalat, i\u015fleme ve belirlenen di\u011fer alanlardaki i\u015f projelerine:<br \/>\n        \u2022        3\u201310 y\u0131l vadeli krediler tahsis eder.<br \/>\n        \u2022        Y\u0131ll\u0131k %5 faiz oran\u0131yla kredi verir.<br \/>\n        \u2022        18\u201360 ay aras\u0131 faizsiz d\u00f6nem (\u00f6deme erteleme) sa\u011flar.<\/p>\n<p>SIF, hizmet ve ticaret sekt\u00f6r\u00fcndeki i\u015fletmelere uygun kredi vermez; krediler yaln\u0131zca bankalar arac\u0131l\u0131\u011f\u0131yla kulland\u0131r\u0131l\u0131r.<\/p>\n<p>Giri\u015fimcilerin Azerbaycan Cumhuriyeti Giri\u015fimcili\u011fin \u0130nki\u015faf\u0131 Fondu kaynakl\u0131 uygun krediler alabilmesi i\u00e7in haz\u0131rlanan yat\u0131r\u0131m projelerinin asgari gereksinimleri \u015funlard\u0131r. \u0130\u015f planlar\u0131 a\u015fa\u011f\u0131daki yap\u0131 ve s\u0131ray\u0131 izlemelidir:<br \/>\n        1.        \u0130\u00e7indekiler<br \/>\n        2.        Ba\u015fl\u0131k sayfas\u0131<br \/>\n        3.        Yat\u0131r\u0131m projesinin k\u0131sa \u00f6zeti<br \/>\n        4.        \u0130\u015fletme hakk\u0131nda bilgi<br \/>\n        5.        Yat\u0131r\u0131m projesinin amac\u0131<br \/>\n        6.        Organizasyon plan\u0131<br \/>\n        7.        \u00dcretilen \u00fcr\u00fcn\/hizmetin \u00f6zellikleri<br \/>\n        8.        Pazar ve sat\u0131\u015f kanallar\u0131<br \/>\n        9.        \u00dcretim plan\u0131<br \/>\n        10.        Kredi talebi ve geri \u00f6deme takvimi<br \/>\n        11.        Finansal plan<br \/>\n        12.        Yat\u0131r\u0131m projesinin k\u00e2rl\u0131l\u0131k analizi<br \/>\n        13.        Risk analizi<\/p>\n<p>Bankalar ve Fon taraf\u0131ndan kabul edilmeyen i\u015f planlar\u0131:<br \/>\n        \u2022        Asgari gereksinimleri kar\u015f\u0131lamayan ve yetersiz i\u015f planlar\u0131 iade edilir.<br \/>\n        \u2022        Planlar \u00f6zenli, net ve hedef odakl\u0131 yaz\u0131lmal\u0131; yerel vergiler ve sosyal primler, gider ve gelir kalemleri, finansal b\u00f6l\u00fcmler ger\u00e7ek\u00e7i verilerle haz\u0131rlanmal\u0131d\u0131r.<br \/>\n        \u2022        Ekipman tedarikiyle ilgili fiyat, tedarik\u00e7i ve zaman bilgileri, m\u00fc\u015fteri ad\u0131na do\u011frudan teklif al\u0131n\u0131p al\u0131nmad\u0131\u011f\u0131 gibi ayr\u0131nt\u0131lar net olmal\u0131d\u0131r.<\/p>\n<p>Hizmetlerimizle i\u015f plan\u0131n\u0131z\u0131n uygulanmas\u0131n\u0131 da destekliyoruz:<br \/>\n        \u2022        Proje alan\u0131n\u0131n ana yerle\u015fim plan\u0131n\u0131 haz\u0131rl\u0131yoruz.<br \/>\n        \u2022        Gerekli in\u015faat, normatif ve di\u011fer hizmetleri sunuyoruz.<br \/>\n        \u2022        M\u00fc\u015fteri ad\u0131na sat\u0131c\u0131larla yaz\u0131\u015fma ve g\u00f6r\u00fc\u015fme yap\u0131yoruz.<br \/>\n        \u2022        Al\u0131nacak ekipman\u0131n foto\u011fraf, \u015fema ve teknik \u00f6zelliklerini temin ediyoruz.<br \/>\n        \u2022        \u0130n\u015faat projesi \u00f6rnekleri ara\u015ft\u0131r\u0131p sunuyoruz.<br \/>\n        \u2022        \u0130\u015f plan\u0131na eklenebilecek teklif, \u015fema ve projeleri haz\u0131rl\u0131yoruz.<br \/>\n        \u2022        Gerekli ekipman\u0131n tedarik hizmetini sa\u011fl\u0131yoruz.<\/p>\n<p>Neden bizi se\u00e7melisiniz?<br \/>\n        \u2022        EBRD\u2019nin \u201cAzerbaycan\u2019da KOB\u0130 Dan\u0131\u015fmanl\u0131k Program\u0131\u201d akreditasyonuna sahibiz.<br \/>\n        \u2022        Giri\u015fimcili\u011fin \u0130nki\u015faf\u0131 Fondu i\u00e7in 800\u2019den fazla i\u015f plan\u0131 haz\u0131rlad\u0131k.<br \/>\n        \u2022        30 y\u0131ldan fazla i\u015f plan\u0131 deneyimimiz var.<br \/>\n        \u2022        T\u00fcm sekt\u00f6rlerde i\u015f plan\u0131 geli\u015ftirme tecr\u00fcbemiz mevcut.<br \/>\n        \u2022        Uzman kadromuz y\u00fcksek yetkinlik sahibidir.<\/p>\n\t\t\t\t\t\t\t\t<\/div>\n\t\t\t\t<\/div>\n\t\t\t\t\t<\/div>\n\t\t<\/div>\n\t\t\t\t\t<\/div>\n\t\t<\/section>\n\t\t\t\t<\/div>\n\t\t","protected":false},"excerpt":{"rendered":"","protected":false},"author":1,"featured_media":0,"parent":0,"menu_order":0,"comment_status":"closed","ping_status":"closed","template":"","meta":{"_acf_changed":false,"inline_featured_image":false,"footnotes":""},"class_list":["post-3511","page","type-page","status-publish","hentry"],"acf":[],"yoast_head":"<!-- This site is optimized with the Yoast SEO Premium plugin v26.3 (Yoast SEO v27.5) - https:\/\/yoast.com\/product\/yoast-seo-premium-wordpress\/ -->\n<title>S\u0130F hakk\u0131nda - https:\/\/smeltd.az<\/title>\n<meta name=\"robots\" content=\"index, follow, max-snippet:-1, max-image-preview:large, max-video-preview:-1\" \/>\n<link rel=\"canonical\" href=\"https:\/\/smeltd.az\/tr\/sif-haqqinda\/\" \/>\n<meta property=\"og:locale\" content=\"tr_TR\" \/>\n<meta property=\"og:type\" content=\"article\" \/>\n<meta property=\"og:title\" content=\"S\u0130F hakk\u0131nda\" \/>\n<meta property=\"og:url\" content=\"https:\/\/smeltd.az\/tr\/sif-haqqinda\/\" \/>\n<meta property=\"og:site_name\" content=\"https:\/\/smeltd.az\" \/>\n<meta property=\"article:modified_time\" content=\"2025-06-27T06:37:49+00:00\" \/>\n<meta name=\"twitter:card\" content=\"summary_large_image\" \/>\n<meta name=\"twitter:label1\" content=\"Tahmini okuma s\u00fcresi\" \/>\n\t<meta name=\"twitter:data1\" content=\"2 dakika\" \/>\n<script type=\"application\/ld+json\" class=\"yoast-schema-graph\">{\"@context\":\"https:\\\/\\\/schema.org\",\"@graph\":[{\"@type\":\"WebPage\",\"@id\":\"https:\\\/\\\/smeltd.az\\\/tr\\\/sif-haqqinda\\\/\",\"url\":\"https:\\\/\\\/smeltd.az\\\/tr\\\/sif-haqqinda\\\/\",\"name\":\"S\u0130F hakk\u0131nda - https:\\\/\\\/smeltd.az\",\"isPartOf\":{\"@id\":\"https:\\\/\\\/smeltd.az\\\/tr\\\/#website\"},\"datePublished\":\"2021-08-26T07:28:37+00:00\",\"dateModified\":\"2025-06-27T06:37:49+00:00\",\"breadcrumb\":{\"@id\":\"https:\\\/\\\/smeltd.az\\\/tr\\\/sif-haqqinda\\\/#breadcrumb\"},\"inLanguage\":\"tr\",\"potentialAction\":[{\"@type\":\"ReadAction\",\"target\":[\"https:\\\/\\\/smeltd.az\\\/tr\\\/sif-haqqinda\\\/\"]}]},{\"@type\":\"BreadcrumbList\",\"@id\":\"https:\\\/\\\/smeltd.az\\\/tr\\\/sif-haqqinda\\\/#breadcrumb\",\"itemListElement\":[{\"@type\":\"ListItem\",\"position\":1,\"name\":\"Ana sayfa\",\"item\":\"https:\\\/\\\/smeltd.az\\\/tr\\\/\"},{\"@type\":\"ListItem\",\"position\":2,\"name\":\"S\u0130F hakk\u0131nda\"}]},{\"@type\":\"WebSite\",\"@id\":\"https:\\\/\\\/smeltd.az\\\/tr\\\/#website\",\"url\":\"https:\\\/\\\/smeltd.az\\\/tr\\\/\",\"name\":\"https:\\\/\\\/smeltd.az\",\"description\":\"G\u0259l\u0259c\u0259k n\u0259aliyy\u0259tl\u0259r \u00fc\u00e7\u00fcn do\u011fru proqnoz \u00f6n\u0259mlidir.\",\"publisher\":{\"@id\":\"https:\\\/\\\/smeltd.az\\\/tr\\\/#organization\"},\"potentialAction\":[{\"@type\":\"SearchAction\",\"target\":{\"@type\":\"EntryPoint\",\"urlTemplate\":\"https:\\\/\\\/smeltd.az\\\/tr\\\/?s={search_term_string}\"},\"query-input\":{\"@type\":\"PropertyValueSpecification\",\"valueRequired\":true,\"valueName\":\"search_term_string\"}}],\"inLanguage\":\"tr\"},{\"@type\":\"Organization\",\"@id\":\"https:\\\/\\\/smeltd.az\\\/tr\\\/#organization\",\"name\":\"\u201cSME\u201d konsaltinq \u015firk\u0259ti\",\"url\":\"https:\\\/\\\/smeltd.az\\\/tr\\\/\",\"logo\":{\"@type\":\"ImageObject\",\"inLanguage\":\"tr\",\"@id\":\"https:\\\/\\\/smeltd.az\\\/tr\\\/#\\\/schema\\\/logo\\\/image\\\/\",\"url\":\"https:\\\/\\\/smeltd.az\\\/wp-content\\\/uploads\\\/2022\\\/01\\\/jjjj-1.png\",\"contentUrl\":\"https:\\\/\\\/smeltd.az\\\/wp-content\\\/uploads\\\/2022\\\/01\\\/jjjj-1.png\",\"width\":2672,\"height\":1560,\"caption\":\"\u201cSME\u201d konsaltinq \u015firk\u0259ti\"},\"image\":{\"@id\":\"https:\\\/\\\/smeltd.az\\\/tr\\\/#\\\/schema\\\/logo\\\/image\\\/\"}}]}<\/script>\n<!-- \/ Yoast SEO Premium plugin. -->","yoast_head_json":{"title":"S\u0130F hakk\u0131nda - https:\/\/smeltd.az","robots":{"index":"index","follow":"follow","max-snippet":"max-snippet:-1","max-image-preview":"max-image-preview:large","max-video-preview":"max-video-preview:-1"},"canonical":"https:\/\/smeltd.az\/tr\/sif-haqqinda\/","og_locale":"tr_TR","og_type":"article","og_title":"S\u0130F hakk\u0131nda","og_url":"https:\/\/smeltd.az\/tr\/sif-haqqinda\/","og_site_name":"https:\/\/smeltd.az","article_modified_time":"2025-06-27T06:37:49+00:00","twitter_card":"summary_large_image","twitter_misc":{"Tahmini okuma s\u00fcresi":"2 dakika"},"schema":{"@context":"https:\/\/schema.org","@graph":[{"@type":"WebPage","@id":"https:\/\/smeltd.az\/tr\/sif-haqqinda\/","url":"https:\/\/smeltd.az\/tr\/sif-haqqinda\/","name":"S\u0130F hakk\u0131nda - https:\/\/smeltd.az","isPartOf":{"@id":"https:\/\/smeltd.az\/tr\/#website"},"datePublished":"2021-08-26T07:28:37+00:00","dateModified":"2025-06-27T06:37:49+00:00","breadcrumb":{"@id":"https:\/\/smeltd.az\/tr\/sif-haqqinda\/#breadcrumb"},"inLanguage":"tr","potentialAction":[{"@type":"ReadAction","target":["https:\/\/smeltd.az\/tr\/sif-haqqinda\/"]}]},{"@type":"BreadcrumbList","@id":"https:\/\/smeltd.az\/tr\/sif-haqqinda\/#breadcrumb","itemListElement":[{"@type":"ListItem","position":1,"name":"Ana sayfa","item":"https:\/\/smeltd.az\/tr\/"},{"@type":"ListItem","position":2,"name":"S\u0130F hakk\u0131nda"}]},{"@type":"WebSite","@id":"https:\/\/smeltd.az\/tr\/#website","url":"https:\/\/smeltd.az\/tr\/","name":"https:\/\/smeltd.az","description":"G\u0259l\u0259c\u0259k n\u0259aliyy\u0259tl\u0259r \u00fc\u00e7\u00fcn do\u011fru proqnoz \u00f6n\u0259mlidir.","publisher":{"@id":"https:\/\/smeltd.az\/tr\/#organization"},"potentialAction":[{"@type":"SearchAction","target":{"@type":"EntryPoint","urlTemplate":"https:\/\/smeltd.az\/tr\/?s={search_term_string}"},"query-input":{"@type":"PropertyValueSpecification","valueRequired":true,"valueName":"search_term_string"}}],"inLanguage":"tr"},{"@type":"Organization","@id":"https:\/\/smeltd.az\/tr\/#organization","name":"\u201cSME\u201d konsaltinq \u015firk\u0259ti","url":"https:\/\/smeltd.az\/tr\/","logo":{"@type":"ImageObject","inLanguage":"tr","@id":"https:\/\/smeltd.az\/tr\/#\/schema\/logo\/image\/","url":"https:\/\/smeltd.az\/wp-content\/uploads\/2022\/01\/jjjj-1.png","contentUrl":"https:\/\/smeltd.az\/wp-content\/uploads\/2022\/01\/jjjj-1.png","width":2672,"height":1560,"caption":"\u201cSME\u201d konsaltinq \u015firk\u0259ti"},"image":{"@id":"https:\/\/smeltd.az\/tr\/#\/schema\/logo\/image\/"}}]}},"_links":{"self":[{"href":"https:\/\/smeltd.az\/tr\/wp-json\/wp\/v2\/pages\/3511","targetHints":{"allow":["GET"]}}],"collection":[{"href":"https:\/\/smeltd.az\/tr\/wp-json\/wp\/v2\/pages"}],"about":[{"href":"https:\/\/smeltd.az\/tr\/wp-json\/wp\/v2\/types\/page"}],"author":[{"embeddable":true,"href":"https:\/\/smeltd.az\/tr\/wp-json\/wp\/v2\/users\/1"}],"replies":[{"embeddable":true,"href":"https:\/\/smeltd.az\/tr\/wp-json\/wp\/v2\/comments?post=3511"}],"version-history":[{"count":0,"href":"https:\/\/smeltd.az\/tr\/wp-json\/wp\/v2\/pages\/3511\/revisions"}],"wp:attachment":[{"href":"https:\/\/smeltd.az\/tr\/wp-json\/wp\/v2\/media?parent=3511"}],"curies":[{"name":"wp","href":"https:\/\/api.w.org\/{rel}","templated":true}]}}