{"id":1097,"date":"2021-08-25T15:29:54","date_gmt":"2021-08-25T11:29:54","guid":{"rendered":"https:\/\/smeltd.az\/biznes-plan-uzre\/"},"modified":"2021-11-01T09:59:44","modified_gmt":"2021-11-01T05:59:44","slug":"biznes-plan-uzre","status":"publish","type":"page","link":"https:\/\/smeltd.az\/ru\/biznes-plan-uzre\/","title":{"rendered":"\u041f\u043e \u0431\u0438\u0437\u043d\u0435\u0441 \u043f\u043b\u0430\u043d\u0443"},"content":{"rendered":"\t\t<div data-elementor-type=\"wp-page\" data-elementor-id=\"1097\" class=\"elementor elementor-1097 elementor-405\" data-elementor-post-type=\"page\">\n\t\t\t\t\t\t<section class=\"has_ae_slider elementor-section elementor-top-section elementor-element elementor-element-b3a15ee elementor-section-height-min-height elementor-section-boxed elementor-section-height-default elementor-section-items-middle ae-bg-gallery-type-default\" data-id=\"b3a15ee\" data-element_type=\"section\" data-settings=\"{&quot;jet_parallax_layout_list&quot;:[{&quot;jet_parallax_layout_image&quot;:{&quot;url&quot;:&quot;&quot;,&quot;id&quot;:&quot;&quot;,&quot;size&quot;:&quot;&quot;},&quot;_id&quot;:&quot;81a6827&quot;,&quot;jet_parallax_layout_image_tablet&quot;:{&quot;url&quot;:&quot;&quot;,&quot;id&quot;:&quot;&quot;,&quot;size&quot;:&quot;&quot;},&quot;jet_parallax_layout_image_mobile&quot;:{&quot;url&quot;:&quot;&quot;,&quot;id&quot;:&quot;&quot;,&quot;size&quot;:&quot;&quot;},&quot;jet_parallax_layout_speed&quot;:{&quot;unit&quot;:&quot;%&quot;,&quot;size&quot;:50,&quot;sizes&quot;:[]},&quot;jet_parallax_layout_type&quot;:&quot;scroll&quot;,&quot;jet_parallax_layout_direction&quot;:&quot;1&quot;,&quot;jet_parallax_layout_fx_direction&quot;:null,&quot;jet_parallax_layout_z_index&quot;:&quot;&quot;,&quot;jet_parallax_layout_bg_x&quot;:50,&quot;jet_parallax_layout_bg_x_tablet&quot;:&quot;&quot;,&quot;jet_parallax_layout_bg_x_mobile&quot;:&quot;&quot;,&quot;jet_parallax_layout_bg_y&quot;:50,&quot;jet_parallax_layout_bg_y_tablet&quot;:&quot;&quot;,&quot;jet_parallax_layout_bg_y_mobile&quot;:&quot;&quot;,&quot;jet_parallax_layout_bg_size&quot;:&quot;auto&quot;,&quot;jet_parallax_layout_bg_size_tablet&quot;:&quot;&quot;,&quot;jet_parallax_layout_bg_size_mobile&quot;:&quot;&quot;,&quot;jet_parallax_layout_animation_prop&quot;:&quot;transform&quot;,&quot;jet_parallax_layout_on&quot;:[&quot;desktop&quot;,&quot;tablet&quot;]}],&quot;background_background&quot;:&quot;gradient&quot;}\">\n\t\t\t\t\t\t<div class=\"elementor-container elementor-column-gap-default\">\n\t\t\t\t\t<div class=\"has_ae_slider elementor-column elementor-col-100 elementor-top-column elementor-element elementor-element-439c1a8 ae-bg-gallery-type-default\" data-id=\"439c1a8\" data-element_type=\"column\">\n\t\t\t<div class=\"elementor-widget-wrap elementor-element-populated\">\n\t\t\t\t\t\t\t<\/div>\n\t\t<\/div>\n\t\t\t\t\t<\/div>\n\t\t<\/section>\n\t\t\t\t<section class=\"has_ae_slider elementor-section elementor-top-section elementor-element elementor-element-cf834b4 elementor-section-boxed elementor-section-height-default elementor-section-height-default ae-bg-gallery-type-default\" data-id=\"cf834b4\" data-element_type=\"section\" data-settings=\"{&quot;jet_parallax_layout_list&quot;:[{&quot;jet_parallax_layout_image&quot;:{&quot;url&quot;:&quot;&quot;,&quot;id&quot;:&quot;&quot;,&quot;size&quot;:&quot;&quot;},&quot;_id&quot;:&quot;0505366&quot;,&quot;jet_parallax_layout_image_tablet&quot;:{&quot;url&quot;:&quot;&quot;,&quot;id&quot;:&quot;&quot;,&quot;size&quot;:&quot;&quot;},&quot;jet_parallax_layout_image_mobile&quot;:{&quot;url&quot;:&quot;&quot;,&quot;id&quot;:&quot;&quot;,&quot;size&quot;:&quot;&quot;},&quot;jet_parallax_layout_speed&quot;:{&quot;unit&quot;:&quot;%&quot;,&quot;size&quot;:50,&quot;sizes&quot;:[]},&quot;jet_parallax_layout_type&quot;:&quot;scroll&quot;,&quot;jet_parallax_layout_direction&quot;:&quot;1&quot;,&quot;jet_parallax_layout_fx_direction&quot;:null,&quot;jet_parallax_layout_z_index&quot;:&quot;&quot;,&quot;jet_parallax_layout_bg_x&quot;:50,&quot;jet_parallax_layout_bg_x_tablet&quot;:&quot;&quot;,&quot;jet_parallax_layout_bg_x_mobile&quot;:&quot;&quot;,&quot;jet_parallax_layout_bg_y&quot;:50,&quot;jet_parallax_layout_bg_y_tablet&quot;:&quot;&quot;,&quot;jet_parallax_layout_bg_y_mobile&quot;:&quot;&quot;,&quot;jet_parallax_layout_bg_size&quot;:&quot;auto&quot;,&quot;jet_parallax_layout_bg_size_tablet&quot;:&quot;&quot;,&quot;jet_parallax_layout_bg_size_mobile&quot;:&quot;&quot;,&quot;jet_parallax_layout_animation_prop&quot;:&quot;transform&quot;,&quot;jet_parallax_layout_on&quot;:[&quot;desktop&quot;,&quot;tablet&quot;]}]}\">\n\t\t\t\t\t\t<div class=\"elementor-container elementor-column-gap-default\">\n\t\t\t\t\t<div class=\"has_ae_slider elementor-column elementor-col-100 elementor-top-column elementor-element elementor-element-0fca2ab ae-bg-gallery-type-default\" data-id=\"0fca2ab\" data-element_type=\"column\">\n\t\t\t<div class=\"elementor-widget-wrap elementor-element-populated\">\n\t\t\t\t\t\t<div class=\"elementor-element elementor-element-df4e923 elementor-grid-3 elementor-grid-tablet-2 elementor-grid-mobile-1 elementor-posts--thumbnail-top elementor-widget elementor-widget-posts\" data-id=\"df4e923\" data-element_type=\"widget\" data-settings=\"{&quot;pagination_type&quot;:&quot;numbers&quot;,&quot;classic_columns&quot;:&quot;3&quot;,&quot;classic_columns_tablet&quot;:&quot;2&quot;,&quot;classic_columns_mobile&quot;:&quot;1&quot;,&quot;classic_row_gap&quot;:{&quot;unit&quot;:&quot;px&quot;,&quot;size&quot;:35,&quot;sizes&quot;:[]},&quot;classic_row_gap_tablet&quot;:{&quot;unit&quot;:&quot;px&quot;,&quot;size&quot;:&quot;&quot;,&quot;sizes&quot;:[]},&quot;classic_row_gap_mobile&quot;:{&quot;unit&quot;:&quot;px&quot;,&quot;size&quot;:&quot;&quot;,&quot;sizes&quot;:[]}}\" data-widget_type=\"posts.classic\">\n\t\t\t\t<div class=\"elementor-widget-container\">\n\t\t\t\t\t\t\t<div class=\"elementor-posts-container elementor-posts elementor-posts--skin-classic elementor-grid\" role=\"list\">\n\t\t\t\t<article class=\"elementor-post elementor-grid-item post-1032 treninq type-treninq status-publish hentry treninq_novu-biznes-plan-uzre\" role=\"listitem\">\n\t\t\t\t<div class=\"elementor-post__text\">\n\t\t\t\t<h3 class=\"elementor-post__title\">\n\t\t\t<a href=\"https:\/\/smeltd.az\/ru\/treninq\/treninq\/\" >\n\t\t\t\t\u0422\u0440\u0435\u043d\u0438\u043d\u0433 &#8212; \u0411\u0438\u0437\u043d\u0435\u0441 \u043f\u043b\u0430\u043d\t\t\t<\/a>\n\t\t<\/h3>\n\t\t\t\t<div class=\"elementor-post__excerpt\">\n\t\t\t<p>\u041f\u0440\u0430\u043a\u0442\u0438\u0447\u0435\u0441\u043a\u0438\u0439 \u0442\u0440\u0435\u043d\u0438\u043d\u0433 \u043f\u043e \u043e\u0446\u0435\u043d\u043a\u0438 \u0438\u043d\u0432\u0435\u0441\u0442\u0438\u0446\u0438\u043e\u043d\u043d\u044b\u0445 \u043f\u0440\u043e\u0435\u043a\u0442\u043e\u0432\u00a0\u0434\u043b\u044f \u0441\u043e\u0442\u0440\u0443\u0434\u043d\u0438\u043a\u043e\u0432 \u0431\u0430\u043d\u043a\u043e\u0432 \u0411\u0438\u0437\u043d\u0435\u0441 \u043f\u043b\u0430\u043d\u0438\u0440\u043e\u0432\u0430\u043d\u0438\u0435 \u0427\u0442\u043e \u0442\u0430\u043a\u043e\u0435 \u0411\u0438\u0437\u043d\u0435\u0441-\u043f\u043b\u0430\u043d\u0438\u0440\u043e\u0432\u0430\u043d\u0438\u0435? \u041a\u0440\u0430\u0442\u043a\u043e\u0435 \u0441\u043e\u0434\u0435\u0440\u0436\u0430\u043d\u0438\u0435 \u043f\u0440\u043e\u0433\u0440\u0430\u043c\u043c\u044b \u0442\u0440\u0435\u043d\u0438\u043d\u0433\u0430 \u0426\u0435\u043b\u0435\u0432\u0430\u044f \u0430\u0443\u0434\u0438\u0442\u043e\u0440\u0438\u044f \u0420\u0435\u0437\u0443\u043b\u044c\u0442\u0430\u0442\u044b \u0442\u0440\u0435\u043d\u0438\u043d\u0433\u0430 \u0421\u0435\u0440\u0442\u0438\u0444\u0438\u043a\u0430\u0442 &nbsp; \u0427\u0442\u043e \u0442\u0430\u043a\u043e\u0435<\/p>\n\t\t<\/div>\n\t\t\n\t\t<a class=\"elementor-post__read-more\" href=\"https:\/\/smeltd.az\/ru\/treninq\/treninq\/\" aria-label=\"Read more about \u0422\u0440\u0435\u043d\u0438\u043d\u0433 &#8212; \u0411\u0438\u0437\u043d\u0435\u0441 \u043f\u043b\u0430\u043d\" tabindex=\"-1\" >\n\t\t\t\u041f\u043e\u0434\u0440\u043e\u0431\u043d\u0435\u0435 \u00bb\t\t<\/a>\n\n\t\t\t\t<\/div>\n\t\t\t\t<\/article>\n\t\t\t\t<\/div>\n\t\t\n\t\t\t\t\t\t<\/div>\n\t\t\t\t<\/div>\n\t\t\t\t\t<\/div>\n\t\t<\/div>\n\t\t\t\t\t<\/div>\n\t\t<\/section>\n\t\t\t\t<\/div>\n\t\t","protected":false},"excerpt":{"rendered":"","protected":false},"author":1,"featured_media":0,"parent":0,"menu_order":0,"comment_status":"closed","ping_status":"closed","template":"","meta":{"_acf_changed":false,"inline_featured_image":false,"footnotes":""},"class_list":["post-1097","page","type-page","status-publish","hentry"],"acf":[],"yoast_head":"<!-- This site is optimized with the Yoast SEO Premium plugin v26.3 (Yoast SEO v27.5) - https:\/\/yoast.com\/product\/yoast-seo-premium-wordpress\/ -->\n<title>\u041f\u043e \u0431\u0438\u0437\u043d\u0435\u0441 \u043f\u043b\u0430\u043d\u0443 - https:\/\/smeltd.az<\/title>\n<meta name=\"robots\" content=\"index, follow, max-snippet:-1, max-image-preview:large, max-video-preview:-1\" \/>\n<link rel=\"canonical\" href=\"https:\/\/smeltd.az\/ru\/biznes-plan-uzre\/\" \/>\n<meta property=\"og:locale\" content=\"ru_RU\" \/>\n<meta property=\"og:type\" content=\"article\" \/>\n<meta property=\"og:title\" content=\"\u041f\u043e \u0431\u0438\u0437\u043d\u0435\u0441 \u043f\u043b\u0430\u043d\u0443\" \/>\n<meta property=\"og:url\" content=\"https:\/\/smeltd.az\/ru\/biznes-plan-uzre\/\" \/>\n<meta property=\"og:site_name\" content=\"https:\/\/smeltd.az\" \/>\n<meta property=\"article:modified_time\" content=\"2021-11-01T05:59:44+00:00\" \/>\n<meta name=\"twitter:card\" content=\"summary_large_image\" \/>\n<script type=\"application\/ld+json\" class=\"yoast-schema-graph\">{\"@context\":\"https:\\\/\\\/schema.org\",\"@graph\":[{\"@type\":\"WebPage\",\"@id\":\"https:\\\/\\\/smeltd.az\\\/ru\\\/biznes-plan-uzre\\\/\",\"url\":\"https:\\\/\\\/smeltd.az\\\/ru\\\/biznes-plan-uzre\\\/\",\"name\":\"\u041f\u043e \u0431\u0438\u0437\u043d\u0435\u0441 \u043f\u043b\u0430\u043d\u0443 - https:\\\/\\\/smeltd.az\",\"isPartOf\":{\"@id\":\"https:\\\/\\\/smeltd.az\\\/ru\\\/#website\"},\"datePublished\":\"2021-08-25T11:29:54+00:00\",\"dateModified\":\"2021-11-01T05:59:44+00:00\",\"breadcrumb\":{\"@id\":\"https:\\\/\\\/smeltd.az\\\/ru\\\/biznes-plan-uzre\\\/#breadcrumb\"},\"inLanguage\":\"ru-RU\",\"potentialAction\":[{\"@type\":\"ReadAction\",\"target\":[\"https:\\\/\\\/smeltd.az\\\/ru\\\/biznes-plan-uzre\\\/\"]}]},{\"@type\":\"BreadcrumbList\",\"@id\":\"https:\\\/\\\/smeltd.az\\\/ru\\\/biznes-plan-uzre\\\/#breadcrumb\",\"itemListElement\":[{\"@type\":\"ListItem\",\"position\":1,\"name\":\"\u0413\u043b\u0430\u0432\u043d\u0430\u044f\",\"item\":\"https:\\\/\\\/smeltd.az\\\/ru\\\/\"},{\"@type\":\"ListItem\",\"position\":2,\"name\":\"\u041f\u043e \u0431\u0438\u0437\u043d\u0435\u0441 \u043f\u043b\u0430\u043d\u0443\"}]},{\"@type\":\"WebSite\",\"@id\":\"https:\\\/\\\/smeltd.az\\\/ru\\\/#website\",\"url\":\"https:\\\/\\\/smeltd.az\\\/ru\\\/\",\"name\":\"https:\\\/\\\/smeltd.az\",\"description\":\"G\u0259l\u0259c\u0259k n\u0259aliyy\u0259tl\u0259r \u00fc\u00e7\u00fcn do\u011fru proqnoz \u00f6n\u0259mlidir.\",\"publisher\":{\"@id\":\"https:\\\/\\\/smeltd.az\\\/ru\\\/#organization\"},\"potentialAction\":[{\"@type\":\"SearchAction\",\"target\":{\"@type\":\"EntryPoint\",\"urlTemplate\":\"https:\\\/\\\/smeltd.az\\\/ru\\\/?s={search_term_string}\"},\"query-input\":{\"@type\":\"PropertyValueSpecification\",\"valueRequired\":true,\"valueName\":\"search_term_string\"}}],\"inLanguage\":\"ru-RU\"},{\"@type\":\"Organization\",\"@id\":\"https:\\\/\\\/smeltd.az\\\/ru\\\/#organization\",\"name\":\"\u201cSME\u201d konsaltinq \u015firk\u0259ti\",\"url\":\"https:\\\/\\\/smeltd.az\\\/ru\\\/\",\"logo\":{\"@type\":\"ImageObject\",\"inLanguage\":\"ru-RU\",\"@id\":\"https:\\\/\\\/smeltd.az\\\/ru\\\/#\\\/schema\\\/logo\\\/image\\\/\",\"url\":\"https:\\\/\\\/smeltd.az\\\/wp-content\\\/uploads\\\/2022\\\/01\\\/jjjj-1.png\",\"contentUrl\":\"https:\\\/\\\/smeltd.az\\\/wp-content\\\/uploads\\\/2022\\\/01\\\/jjjj-1.png\",\"width\":2672,\"height\":1560,\"caption\":\"\u201cSME\u201d konsaltinq \u015firk\u0259ti\"},\"image\":{\"@id\":\"https:\\\/\\\/smeltd.az\\\/ru\\\/#\\\/schema\\\/logo\\\/image\\\/\"}}]}<\/script>\n<!-- \/ Yoast SEO Premium plugin. -->","yoast_head_json":{"title":"\u041f\u043e \u0431\u0438\u0437\u043d\u0435\u0441 \u043f\u043b\u0430\u043d\u0443 - https:\/\/smeltd.az","robots":{"index":"index","follow":"follow","max-snippet":"max-snippet:-1","max-image-preview":"max-image-preview:large","max-video-preview":"max-video-preview:-1"},"canonical":"https:\/\/smeltd.az\/ru\/biznes-plan-uzre\/","og_locale":"ru_RU","og_type":"article","og_title":"\u041f\u043e \u0431\u0438\u0437\u043d\u0435\u0441 \u043f\u043b\u0430\u043d\u0443","og_url":"https:\/\/smeltd.az\/ru\/biznes-plan-uzre\/","og_site_name":"https:\/\/smeltd.az","article_modified_time":"2021-11-01T05:59:44+00:00","twitter_card":"summary_large_image","schema":{"@context":"https:\/\/schema.org","@graph":[{"@type":"WebPage","@id":"https:\/\/smeltd.az\/ru\/biznes-plan-uzre\/","url":"https:\/\/smeltd.az\/ru\/biznes-plan-uzre\/","name":"\u041f\u043e \u0431\u0438\u0437\u043d\u0435\u0441 \u043f\u043b\u0430\u043d\u0443 - https:\/\/smeltd.az","isPartOf":{"@id":"https:\/\/smeltd.az\/ru\/#website"},"datePublished":"2021-08-25T11:29:54+00:00","dateModified":"2021-11-01T05:59:44+00:00","breadcrumb":{"@id":"https:\/\/smeltd.az\/ru\/biznes-plan-uzre\/#breadcrumb"},"inLanguage":"ru-RU","potentialAction":[{"@type":"ReadAction","target":["https:\/\/smeltd.az\/ru\/biznes-plan-uzre\/"]}]},{"@type":"BreadcrumbList","@id":"https:\/\/smeltd.az\/ru\/biznes-plan-uzre\/#breadcrumb","itemListElement":[{"@type":"ListItem","position":1,"name":"\u0413\u043b\u0430\u0432\u043d\u0430\u044f","item":"https:\/\/smeltd.az\/ru\/"},{"@type":"ListItem","position":2,"name":"\u041f\u043e \u0431\u0438\u0437\u043d\u0435\u0441 \u043f\u043b\u0430\u043d\u0443"}]},{"@type":"WebSite","@id":"https:\/\/smeltd.az\/ru\/#website","url":"https:\/\/smeltd.az\/ru\/","name":"https:\/\/smeltd.az","description":"G\u0259l\u0259c\u0259k n\u0259aliyy\u0259tl\u0259r \u00fc\u00e7\u00fcn do\u011fru proqnoz \u00f6n\u0259mlidir.","publisher":{"@id":"https:\/\/smeltd.az\/ru\/#organization"},"potentialAction":[{"@type":"SearchAction","target":{"@type":"EntryPoint","urlTemplate":"https:\/\/smeltd.az\/ru\/?s={search_term_string}"},"query-input":{"@type":"PropertyValueSpecification","valueRequired":true,"valueName":"search_term_string"}}],"inLanguage":"ru-RU"},{"@type":"Organization","@id":"https:\/\/smeltd.az\/ru\/#organization","name":"\u201cSME\u201d konsaltinq \u015firk\u0259ti","url":"https:\/\/smeltd.az\/ru\/","logo":{"@type":"ImageObject","inLanguage":"ru-RU","@id":"https:\/\/smeltd.az\/ru\/#\/schema\/logo\/image\/","url":"https:\/\/smeltd.az\/wp-content\/uploads\/2022\/01\/jjjj-1.png","contentUrl":"https:\/\/smeltd.az\/wp-content\/uploads\/2022\/01\/jjjj-1.png","width":2672,"height":1560,"caption":"\u201cSME\u201d konsaltinq \u015firk\u0259ti"},"image":{"@id":"https:\/\/smeltd.az\/ru\/#\/schema\/logo\/image\/"}}]}},"_links":{"self":[{"href":"https:\/\/smeltd.az\/ru\/wp-json\/wp\/v2\/pages\/1097","targetHints":{"allow":["GET"]}}],"collection":[{"href":"https:\/\/smeltd.az\/ru\/wp-json\/wp\/v2\/pages"}],"about":[{"href":"https:\/\/smeltd.az\/ru\/wp-json\/wp\/v2\/types\/page"}],"author":[{"embeddable":true,"href":"https:\/\/smeltd.az\/ru\/wp-json\/wp\/v2\/users\/1"}],"replies":[{"embeddable":true,"href":"https:\/\/smeltd.az\/ru\/wp-json\/wp\/v2\/comments?post=1097"}],"version-history":[{"count":0,"href":"https:\/\/smeltd.az\/ru\/wp-json\/wp\/v2\/pages\/1097\/revisions"}],"wp:attachment":[{"href":"https:\/\/smeltd.az\/ru\/wp-json\/wp\/v2\/media?parent=1097"}],"curies":[{"name":"wp","href":"https:\/\/api.w.org\/{rel}","templated":true}]}}