{"id":939,"date":"2021-08-26T14:11:28","date_gmt":"2021-08-26T10:11:28","guid":{"rendered":"https:\/\/smeltd.az\/biznes-plan-numuneleri\/"},"modified":"2025-06-24T13:25:48","modified_gmt":"2025-06-24T09:25:48","slug":"biznes-plan-numuneleri","status":"publish","type":"page","link":"https:\/\/smeltd.az\/en\/biznes-plan-numuneleri\/","title":{"rendered":"Examples of business plans"},"content":{"rendered":"\t\t<div data-elementor-type=\"wp-page\" data-elementor-id=\"939\" class=\"elementor elementor-939 elementor-613\" data-elementor-post-type=\"page\">\n\t\t\t\t\t\t<section class=\"has_ae_slider elementor-section elementor-top-section elementor-element elementor-element-395cf6b elementor-section-height-min-height elementor-section-boxed elementor-section-height-default elementor-section-items-middle ae-bg-gallery-type-default\" data-id=\"395cf6b\" data-element_type=\"section\" data-settings=\"{&quot;jet_parallax_layout_list&quot;:[{&quot;jet_parallax_layout_image&quot;:{&quot;url&quot;:&quot;&quot;,&quot;id&quot;:&quot;&quot;,&quot;size&quot;:&quot;&quot;},&quot;_id&quot;:&quot;81a6827&quot;,&quot;jet_parallax_layout_image_tablet&quot;:{&quot;url&quot;:&quot;&quot;,&quot;id&quot;:&quot;&quot;,&quot;size&quot;:&quot;&quot;},&quot;jet_parallax_layout_image_mobile&quot;:{&quot;url&quot;:&quot;&quot;,&quot;id&quot;:&quot;&quot;,&quot;size&quot;:&quot;&quot;},&quot;jet_parallax_layout_speed&quot;:{&quot;unit&quot;:&quot;%&quot;,&quot;size&quot;:50,&quot;sizes&quot;:[]},&quot;jet_parallax_layout_type&quot;:&quot;scroll&quot;,&quot;jet_parallax_layout_direction&quot;:&quot;1&quot;,&quot;jet_parallax_layout_fx_direction&quot;:null,&quot;jet_parallax_layout_z_index&quot;:&quot;&quot;,&quot;jet_parallax_layout_bg_x&quot;:50,&quot;jet_parallax_layout_bg_x_tablet&quot;:&quot;&quot;,&quot;jet_parallax_layout_bg_x_mobile&quot;:&quot;&quot;,&quot;jet_parallax_layout_bg_y&quot;:50,&quot;jet_parallax_layout_bg_y_tablet&quot;:&quot;&quot;,&quot;jet_parallax_layout_bg_y_mobile&quot;:&quot;&quot;,&quot;jet_parallax_layout_bg_size&quot;:&quot;auto&quot;,&quot;jet_parallax_layout_bg_size_tablet&quot;:&quot;&quot;,&quot;jet_parallax_layout_bg_size_mobile&quot;:&quot;&quot;,&quot;jet_parallax_layout_animation_prop&quot;:&quot;transform&quot;,&quot;jet_parallax_layout_on&quot;:[&quot;desktop&quot;,&quot;tablet&quot;]}],&quot;background_background&quot;:&quot;gradient&quot;}\">\n\t\t\t\t\t\t<div class=\"elementor-container elementor-column-gap-default\">\n\t\t\t\t\t<div class=\"has_ae_slider elementor-column elementor-col-100 elementor-top-column elementor-element elementor-element-1cfce38 ae-bg-gallery-type-default\" data-id=\"1cfce38\" data-element_type=\"column\">\n\t\t\t<div class=\"elementor-widget-wrap elementor-element-populated\">\n\t\t\t\t\t\t\t<\/div>\n\t\t<\/div>\n\t\t\t\t\t<\/div>\n\t\t<\/section>\n\t\t\t\t<section class=\"has_ae_slider elementor-section elementor-top-section elementor-element elementor-element-d392f71 elementor-section-boxed elementor-section-height-default elementor-section-height-default ae-bg-gallery-type-default\" data-id=\"d392f71\" data-element_type=\"section\" data-settings=\"{&quot;jet_parallax_layout_list&quot;:[{&quot;jet_parallax_layout_image&quot;:{&quot;url&quot;:&quot;&quot;,&quot;id&quot;:&quot;&quot;,&quot;size&quot;:&quot;&quot;},&quot;_id&quot;:&quot;fcd7191&quot;,&quot;jet_parallax_layout_image_tablet&quot;:{&quot;url&quot;:&quot;&quot;,&quot;id&quot;:&quot;&quot;,&quot;size&quot;:&quot;&quot;},&quot;jet_parallax_layout_image_mobile&quot;:{&quot;url&quot;:&quot;&quot;,&quot;id&quot;:&quot;&quot;,&quot;size&quot;:&quot;&quot;},&quot;jet_parallax_layout_speed&quot;:{&quot;unit&quot;:&quot;%&quot;,&quot;size&quot;:50,&quot;sizes&quot;:[]},&quot;jet_parallax_layout_type&quot;:&quot;scroll&quot;,&quot;jet_parallax_layout_direction&quot;:&quot;1&quot;,&quot;jet_parallax_layout_fx_direction&quot;:null,&quot;jet_parallax_layout_z_index&quot;:&quot;&quot;,&quot;jet_parallax_layout_bg_x&quot;:50,&quot;jet_parallax_layout_bg_x_tablet&quot;:&quot;&quot;,&quot;jet_parallax_layout_bg_x_mobile&quot;:&quot;&quot;,&quot;jet_parallax_layout_bg_y&quot;:50,&quot;jet_parallax_layout_bg_y_tablet&quot;:&quot;&quot;,&quot;jet_parallax_layout_bg_y_mobile&quot;:&quot;&quot;,&quot;jet_parallax_layout_bg_size&quot;:&quot;auto&quot;,&quot;jet_parallax_layout_bg_size_tablet&quot;:&quot;&quot;,&quot;jet_parallax_layout_bg_size_mobile&quot;:&quot;&quot;,&quot;jet_parallax_layout_animation_prop&quot;:&quot;transform&quot;,&quot;jet_parallax_layout_on&quot;:[&quot;desktop&quot;,&quot;tablet&quot;]}]}\">\n\t\t\t\t\t\t<div class=\"elementor-container elementor-column-gap-default\">\n\t\t\t\t\t<div class=\"has_ae_slider elementor-column elementor-col-100 elementor-top-column elementor-element elementor-element-284ac1e ae-bg-gallery-type-default\" data-id=\"284ac1e\" data-element_type=\"column\">\n\t\t\t<div class=\"elementor-widget-wrap elementor-element-populated\">\n\t\t\t\t\t\t<div class=\"elementor-element elementor-element-41a3903 elementor-widget elementor-widget-text-editor\" data-id=\"41a3903\" data-element_type=\"widget\" data-widget_type=\"text-editor.default\">\n\t\t\t\t<div class=\"elementor-widget-container\">\n\t\t\t\t\t\t\t\t\t<p><strong>What is an Investment Promotion Document?<\/strong><\/p>\n<p>Investment promotion stimulates economic development. It is true that this fund does not provide loans, but it provides great benefits to companies and entrepreneurs.<\/p>\n<ol>\n<li>Within 7 years from the date of receipt of the investment promotion document, 50% of the income of an individual entrepreneur and the profit of a legal entity are exempt from taxation.<\/li>\n<li>Import of machinery, technological equipment and installations on the basis of a confirmation document of the Ministry of Economy is exempt from customs duties for a period of 7 years (at least 15%) and VAT (18%).<\/li>\n<li>And when carrying out activities within the country, the right is granted to a 7-year grace period with exemption from property and land taxes.<\/li>\n<\/ol>\n<p>The right to encouragement applies only to new equipment and technologies imported from foreign countries.<\/p>\n<p><strong>How do you get an investment promotion document?<\/strong><\/p>\n<p>Every entrepreneur investing in Azerbaijan must first find out whether he is eligible for an Investment Promotion Document. Thus, the entrepreneur must familiarize himself with the spheres of economic activity in which the investment is made, the minimum amount associated with the volume of the investment project, and the administrative-territorial units in which the investment project will be implemented. The Ministry considers the application within 5 working days. Investment project \u201cIf the issuance of an investment promotion document fully complies with the specified criteria and there are no shortcomings in the submitted documents, the Ministry must submit an investment promotion document to the entrepreneur. Taking into account the aforementioned qualities, we will draw up a business plan for you, prepare all the necessary documents and implement the process of obtaining an investment promotion document.<\/p>\n<p>We not only develop a business plan, but also help the customer to realize his idea with the help of the following services listed below:<\/p>\n<ul>\n<li>We help to create a typical master plan of the designed object.<\/li>\n<li>We offer construction, regulatory and other services required for the complex.<\/li>\n<li>On behalf of the customer, we conduct correspondence and negotiations with the seller in electronic form.<\/li>\n<li>We receive photographs, technological diagrams and technical specifications for the purchased equipment.<\/li>\n<li>We are looking for a sample project of a built-up object and present it to you for use.<\/li>\n<li>We receive proposals, diagrams and projects that can be used in an attachment to a business plan, and the customer can submit them as an offer on his own behalf.<\/li>\n<li>We provide the necessary services for the supply of equipment that will be required to open a relevant business or work.<\/li>\n<\/ul>\n<p>&nbsp;<\/p>\n<p><strong>Why should you choose us?<\/strong><\/p>\n<ul>\n<li>A company accredited by the European Bank for Reconstruction and Development within the framework of the &#8220;Consulting program for small businesses in Azerbaijan&#8221;;<\/li>\n<li>Adoption of business plans by banks and funds located in Azerbaijan;<\/li>\n<li>More than 30 years of experience in the development of business plans;<\/li>\n<li>Our experience in developing business plans in any area of business;<\/li>\n<li>Confidence in the knowledge and experience of our employees. Each of them is a highly qualified professional in their field.<\/li>\n<\/ul>\n\t\t\t\t\t\t\t\t<\/div>\n\t\t\t\t<\/div>\n\t\t\t\t\t<\/div>\n\t\t<\/div>\n\t\t\t\t\t<\/div>\n\t\t<\/section>\n\t\t\t\t<\/div>\n\t\t","protected":false},"excerpt":{"rendered":"","protected":false},"author":1,"featured_media":0,"parent":0,"menu_order":0,"comment_status":"closed","ping_status":"closed","template":"","meta":{"_acf_changed":false,"inline_featured_image":false,"footnotes":""},"class_list":["post-939","page","type-page","status-publish","hentry"],"acf":[],"yoast_head":"<!-- This site is optimized with the Yoast SEO Premium plugin v26.3 (Yoast SEO v27.5) - https:\/\/yoast.com\/product\/yoast-seo-premium-wordpress\/ -->\n<title>Examples of business plans - https:\/\/smeltd.az<\/title>\n<meta name=\"robots\" content=\"index, follow, max-snippet:-1, max-image-preview:large, max-video-preview:-1\" \/>\n<link rel=\"canonical\" href=\"https:\/\/smeltd.az\/en\/biznes-plan-numuneleri\/\" \/>\n<meta property=\"og:locale\" content=\"en_US\" \/>\n<meta property=\"og:type\" content=\"article\" \/>\n<meta property=\"og:title\" content=\"Examples of business plans\" \/>\n<meta property=\"og:url\" content=\"https:\/\/smeltd.az\/en\/biznes-plan-numuneleri\/\" \/>\n<meta property=\"og:site_name\" content=\"https:\/\/smeltd.az\" \/>\n<meta property=\"article:modified_time\" content=\"2025-06-24T09:25:48+00:00\" \/>\n<meta name=\"twitter:card\" content=\"summary_large_image\" \/>\n<script type=\"application\/ld+json\" class=\"yoast-schema-graph\">{\"@context\":\"https:\\\/\\\/schema.org\",\"@graph\":[{\"@type\":\"WebPage\",\"@id\":\"https:\\\/\\\/smeltd.az\\\/en\\\/biznes-plan-numuneleri\\\/\",\"url\":\"https:\\\/\\\/smeltd.az\\\/en\\\/biznes-plan-numuneleri\\\/\",\"name\":\"Examples of business plans - https:\\\/\\\/smeltd.az\",\"isPartOf\":{\"@id\":\"https:\\\/\\\/smeltd.az\\\/en\\\/#website\"},\"datePublished\":\"2021-08-26T10:11:28+00:00\",\"dateModified\":\"2025-06-24T09:25:48+00:00\",\"breadcrumb\":{\"@id\":\"https:\\\/\\\/smeltd.az\\\/en\\\/biznes-plan-numuneleri\\\/#breadcrumb\"},\"inLanguage\":\"en-US\",\"potentialAction\":[{\"@type\":\"ReadAction\",\"target\":[\"https:\\\/\\\/smeltd.az\\\/en\\\/biznes-plan-numuneleri\\\/\"]}]},{\"@type\":\"BreadcrumbList\",\"@id\":\"https:\\\/\\\/smeltd.az\\\/en\\\/biznes-plan-numuneleri\\\/#breadcrumb\",\"itemListElement\":[{\"@type\":\"ListItem\",\"position\":1,\"name\":\"Home\",\"item\":\"https:\\\/\\\/smeltd.az\\\/en\\\/\"},{\"@type\":\"ListItem\",\"position\":2,\"name\":\"Examples of business plans\"}]},{\"@type\":\"WebSite\",\"@id\":\"https:\\\/\\\/smeltd.az\\\/en\\\/#website\",\"url\":\"https:\\\/\\\/smeltd.az\\\/en\\\/\",\"name\":\"https:\\\/\\\/smeltd.az\",\"description\":\"G\u0259l\u0259c\u0259k n\u0259aliyy\u0259tl\u0259r \u00fc\u00e7\u00fcn do\u011fru proqnoz \u00f6n\u0259mlidir.\",\"publisher\":{\"@id\":\"https:\\\/\\\/smeltd.az\\\/en\\\/#organization\"},\"potentialAction\":[{\"@type\":\"SearchAction\",\"target\":{\"@type\":\"EntryPoint\",\"urlTemplate\":\"https:\\\/\\\/smeltd.az\\\/en\\\/?s={search_term_string}\"},\"query-input\":{\"@type\":\"PropertyValueSpecification\",\"valueRequired\":true,\"valueName\":\"search_term_string\"}}],\"inLanguage\":\"en-US\"},{\"@type\":\"Organization\",\"@id\":\"https:\\\/\\\/smeltd.az\\\/en\\\/#organization\",\"name\":\"\u201cSME\u201d konsaltinq \u015firk\u0259ti\",\"url\":\"https:\\\/\\\/smeltd.az\\\/en\\\/\",\"logo\":{\"@type\":\"ImageObject\",\"inLanguage\":\"en-US\",\"@id\":\"https:\\\/\\\/smeltd.az\\\/en\\\/#\\\/schema\\\/logo\\\/image\\\/\",\"url\":\"https:\\\/\\\/smeltd.az\\\/wp-content\\\/uploads\\\/2022\\\/01\\\/jjjj-1.png\",\"contentUrl\":\"https:\\\/\\\/smeltd.az\\\/wp-content\\\/uploads\\\/2022\\\/01\\\/jjjj-1.png\",\"width\":2672,\"height\":1560,\"caption\":\"\u201cSME\u201d konsaltinq \u015firk\u0259ti\"},\"image\":{\"@id\":\"https:\\\/\\\/smeltd.az\\\/en\\\/#\\\/schema\\\/logo\\\/image\\\/\"}}]}<\/script>\n<!-- \/ Yoast SEO Premium plugin. -->","yoast_head_json":{"title":"Examples of business plans - https:\/\/smeltd.az","robots":{"index":"index","follow":"follow","max-snippet":"max-snippet:-1","max-image-preview":"max-image-preview:large","max-video-preview":"max-video-preview:-1"},"canonical":"https:\/\/smeltd.az\/en\/biznes-plan-numuneleri\/","og_locale":"en_US","og_type":"article","og_title":"Examples of business plans","og_url":"https:\/\/smeltd.az\/en\/biznes-plan-numuneleri\/","og_site_name":"https:\/\/smeltd.az","article_modified_time":"2025-06-24T09:25:48+00:00","twitter_card":"summary_large_image","schema":{"@context":"https:\/\/schema.org","@graph":[{"@type":"WebPage","@id":"https:\/\/smeltd.az\/en\/biznes-plan-numuneleri\/","url":"https:\/\/smeltd.az\/en\/biznes-plan-numuneleri\/","name":"Examples of business plans - https:\/\/smeltd.az","isPartOf":{"@id":"https:\/\/smeltd.az\/en\/#website"},"datePublished":"2021-08-26T10:11:28+00:00","dateModified":"2025-06-24T09:25:48+00:00","breadcrumb":{"@id":"https:\/\/smeltd.az\/en\/biznes-plan-numuneleri\/#breadcrumb"},"inLanguage":"en-US","potentialAction":[{"@type":"ReadAction","target":["https:\/\/smeltd.az\/en\/biznes-plan-numuneleri\/"]}]},{"@type":"BreadcrumbList","@id":"https:\/\/smeltd.az\/en\/biznes-plan-numuneleri\/#breadcrumb","itemListElement":[{"@type":"ListItem","position":1,"name":"Home","item":"https:\/\/smeltd.az\/en\/"},{"@type":"ListItem","position":2,"name":"Examples of business plans"}]},{"@type":"WebSite","@id":"https:\/\/smeltd.az\/en\/#website","url":"https:\/\/smeltd.az\/en\/","name":"https:\/\/smeltd.az","description":"G\u0259l\u0259c\u0259k n\u0259aliyy\u0259tl\u0259r \u00fc\u00e7\u00fcn do\u011fru proqnoz \u00f6n\u0259mlidir.","publisher":{"@id":"https:\/\/smeltd.az\/en\/#organization"},"potentialAction":[{"@type":"SearchAction","target":{"@type":"EntryPoint","urlTemplate":"https:\/\/smeltd.az\/en\/?s={search_term_string}"},"query-input":{"@type":"PropertyValueSpecification","valueRequired":true,"valueName":"search_term_string"}}],"inLanguage":"en-US"},{"@type":"Organization","@id":"https:\/\/smeltd.az\/en\/#organization","name":"\u201cSME\u201d konsaltinq \u015firk\u0259ti","url":"https:\/\/smeltd.az\/en\/","logo":{"@type":"ImageObject","inLanguage":"en-US","@id":"https:\/\/smeltd.az\/en\/#\/schema\/logo\/image\/","url":"https:\/\/smeltd.az\/wp-content\/uploads\/2022\/01\/jjjj-1.png","contentUrl":"https:\/\/smeltd.az\/wp-content\/uploads\/2022\/01\/jjjj-1.png","width":2672,"height":1560,"caption":"\u201cSME\u201d konsaltinq \u015firk\u0259ti"},"image":{"@id":"https:\/\/smeltd.az\/en\/#\/schema\/logo\/image\/"}}]}},"_links":{"self":[{"href":"https:\/\/smeltd.az\/en\/wp-json\/wp\/v2\/pages\/939","targetHints":{"allow":["GET"]}}],"collection":[{"href":"https:\/\/smeltd.az\/en\/wp-json\/wp\/v2\/pages"}],"about":[{"href":"https:\/\/smeltd.az\/en\/wp-json\/wp\/v2\/types\/page"}],"author":[{"embeddable":true,"href":"https:\/\/smeltd.az\/en\/wp-json\/wp\/v2\/users\/1"}],"replies":[{"embeddable":true,"href":"https:\/\/smeltd.az\/en\/wp-json\/wp\/v2\/comments?post=939"}],"version-history":[{"count":0,"href":"https:\/\/smeltd.az\/en\/wp-json\/wp\/v2\/pages\/939\/revisions"}],"wp:attachment":[{"href":"https:\/\/smeltd.az\/en\/wp-json\/wp\/v2\/media?parent=939"}],"curies":[{"name":"wp","href":"https:\/\/api.w.org\/{rel}","templated":true}]}}