{"id":1108,"date":"2021-08-25T15:32:19","date_gmt":"2021-08-25T11:32:19","guid":{"rendered":"https:\/\/smeltd.az\/muhasibat-uzre\/"},"modified":"2021-11-03T09:36:21","modified_gmt":"2021-11-03T05:36:21","slug":"muhasibat-uzre","status":"publish","type":"page","link":"https:\/\/smeltd.az\/en\/muhasibat-uzre\/","title":{"rendered":"On accounting"},"content":{"rendered":"\t\t<div data-elementor-type=\"wp-page\" data-elementor-id=\"1108\" class=\"elementor elementor-1108 elementor-413\" data-elementor-post-type=\"page\">\n\t\t\t\t\t\t<section class=\"has_ae_slider elementor-section elementor-top-section elementor-element elementor-element-b3a15ee elementor-section-height-min-height elementor-section-boxed elementor-section-height-default elementor-section-items-middle ae-bg-gallery-type-default\" data-id=\"b3a15ee\" data-element_type=\"section\" data-settings=\"{&quot;jet_parallax_layout_list&quot;:[{&quot;jet_parallax_layout_image&quot;:{&quot;url&quot;:&quot;&quot;,&quot;id&quot;:&quot;&quot;,&quot;size&quot;:&quot;&quot;},&quot;_id&quot;:&quot;81a6827&quot;,&quot;jet_parallax_layout_image_tablet&quot;:{&quot;url&quot;:&quot;&quot;,&quot;id&quot;:&quot;&quot;,&quot;size&quot;:&quot;&quot;},&quot;jet_parallax_layout_image_mobile&quot;:{&quot;url&quot;:&quot;&quot;,&quot;id&quot;:&quot;&quot;,&quot;size&quot;:&quot;&quot;},&quot;jet_parallax_layout_speed&quot;:{&quot;unit&quot;:&quot;%&quot;,&quot;size&quot;:50,&quot;sizes&quot;:[]},&quot;jet_parallax_layout_type&quot;:&quot;scroll&quot;,&quot;jet_parallax_layout_direction&quot;:&quot;1&quot;,&quot;jet_parallax_layout_fx_direction&quot;:null,&quot;jet_parallax_layout_z_index&quot;:&quot;&quot;,&quot;jet_parallax_layout_bg_x&quot;:50,&quot;jet_parallax_layout_bg_x_tablet&quot;:&quot;&quot;,&quot;jet_parallax_layout_bg_x_mobile&quot;:&quot;&quot;,&quot;jet_parallax_layout_bg_y&quot;:50,&quot;jet_parallax_layout_bg_y_tablet&quot;:&quot;&quot;,&quot;jet_parallax_layout_bg_y_mobile&quot;:&quot;&quot;,&quot;jet_parallax_layout_bg_size&quot;:&quot;auto&quot;,&quot;jet_parallax_layout_bg_size_tablet&quot;:&quot;&quot;,&quot;jet_parallax_layout_bg_size_mobile&quot;:&quot;&quot;,&quot;jet_parallax_layout_animation_prop&quot;:&quot;transform&quot;,&quot;jet_parallax_layout_on&quot;:[&quot;desktop&quot;,&quot;tablet&quot;]}],&quot;background_background&quot;:&quot;gradient&quot;}\">\n\t\t\t\t\t\t<div class=\"elementor-container elementor-column-gap-default\">\n\t\t\t\t\t<div class=\"has_ae_slider elementor-column elementor-col-100 elementor-top-column elementor-element elementor-element-439c1a8 ae-bg-gallery-type-default\" data-id=\"439c1a8\" data-element_type=\"column\">\n\t\t\t<div class=\"elementor-widget-wrap elementor-element-populated\">\n\t\t\t\t\t\t\t<\/div>\n\t\t<\/div>\n\t\t\t\t\t<\/div>\n\t\t<\/section>\n\t\t\t\t<section class=\"has_ae_slider elementor-section elementor-top-section elementor-element elementor-element-cf834b4 elementor-section-boxed elementor-section-height-default elementor-section-height-default ae-bg-gallery-type-default\" data-id=\"cf834b4\" data-element_type=\"section\" data-settings=\"{&quot;jet_parallax_layout_list&quot;:[{&quot;jet_parallax_layout_image&quot;:{&quot;url&quot;:&quot;&quot;,&quot;id&quot;:&quot;&quot;,&quot;size&quot;:&quot;&quot;},&quot;_id&quot;:&quot;0505366&quot;,&quot;jet_parallax_layout_image_tablet&quot;:{&quot;url&quot;:&quot;&quot;,&quot;id&quot;:&quot;&quot;,&quot;size&quot;:&quot;&quot;},&quot;jet_parallax_layout_image_mobile&quot;:{&quot;url&quot;:&quot;&quot;,&quot;id&quot;:&quot;&quot;,&quot;size&quot;:&quot;&quot;},&quot;jet_parallax_layout_speed&quot;:{&quot;unit&quot;:&quot;%&quot;,&quot;size&quot;:50,&quot;sizes&quot;:[]},&quot;jet_parallax_layout_type&quot;:&quot;scroll&quot;,&quot;jet_parallax_layout_direction&quot;:&quot;1&quot;,&quot;jet_parallax_layout_fx_direction&quot;:null,&quot;jet_parallax_layout_z_index&quot;:&quot;&quot;,&quot;jet_parallax_layout_bg_x&quot;:50,&quot;jet_parallax_layout_bg_x_tablet&quot;:&quot;&quot;,&quot;jet_parallax_layout_bg_x_mobile&quot;:&quot;&quot;,&quot;jet_parallax_layout_bg_y&quot;:50,&quot;jet_parallax_layout_bg_y_tablet&quot;:&quot;&quot;,&quot;jet_parallax_layout_bg_y_mobile&quot;:&quot;&quot;,&quot;jet_parallax_layout_bg_size&quot;:&quot;auto&quot;,&quot;jet_parallax_layout_bg_size_tablet&quot;:&quot;&quot;,&quot;jet_parallax_layout_bg_size_mobile&quot;:&quot;&quot;,&quot;jet_parallax_layout_animation_prop&quot;:&quot;transform&quot;,&quot;jet_parallax_layout_on&quot;:[&quot;desktop&quot;,&quot;tablet&quot;]}]}\">\n\t\t\t\t\t\t<div class=\"elementor-container elementor-column-gap-default\">\n\t\t\t\t\t<div class=\"has_ae_slider elementor-column elementor-col-100 elementor-top-column elementor-element elementor-element-0fca2ab ae-bg-gallery-type-default\" data-id=\"0fca2ab\" data-element_type=\"column\">\n\t\t\t<div class=\"elementor-widget-wrap elementor-element-populated\">\n\t\t\t\t\t\t<div class=\"elementor-element elementor-element-df4e923 elementor-grid-3 elementor-grid-tablet-2 elementor-grid-mobile-1 elementor-posts--thumbnail-top elementor-widget elementor-widget-posts\" data-id=\"df4e923\" data-element_type=\"widget\" data-settings=\"{&quot;pagination_type&quot;:&quot;numbers&quot;,&quot;classic_columns&quot;:&quot;3&quot;,&quot;classic_columns_tablet&quot;:&quot;2&quot;,&quot;classic_columns_mobile&quot;:&quot;1&quot;,&quot;classic_row_gap&quot;:{&quot;unit&quot;:&quot;px&quot;,&quot;size&quot;:35,&quot;sizes&quot;:[]},&quot;classic_row_gap_tablet&quot;:{&quot;unit&quot;:&quot;px&quot;,&quot;size&quot;:&quot;&quot;,&quot;sizes&quot;:[]},&quot;classic_row_gap_mobile&quot;:{&quot;unit&quot;:&quot;px&quot;,&quot;size&quot;:&quot;&quot;,&quot;sizes&quot;:[]}}\" data-widget_type=\"posts.classic\">\n\t\t\t\t<div class=\"elementor-widget-container\">\n\t\t\t\t\t\t\t<div class=\"elementor-posts-container elementor-posts elementor-posts--skin-classic elementor-grid\" role=\"list\">\n\t\t\t\t<article class=\"elementor-post elementor-grid-item post-1033 treninq type-treninq status-publish hentry treninq_novu-muhasibat-uzre\" role=\"listitem\">\n\t\t\t\t<div class=\"elementor-post__text\">\n\t\t\t\t<h3 class=\"elementor-post__title\">\n\t\t\t<a href=\"https:\/\/smeltd.az\/en\/treninq\/treninq2\/\" >\n\t\t\t\tTreninq &#8211; M\u00fchasibatl\u0131q\t\t\t<\/a>\n\t\t<\/h3>\n\t\t\t\t<div class=\"elementor-post__excerpt\">\n\t\t\t<p>Do you have experience? This question will no longer bother you. &#8220;SME&#8221; LLC introduces you \u00a0tax.gov.az, electronic government and Internet banking, as well as provides<\/p>\n\t\t<\/div>\n\t\t\n\t\t<a class=\"elementor-post__read-more\" href=\"https:\/\/smeltd.az\/en\/treninq\/treninq2\/\" aria-label=\"Read more about Treninq &#8211; M\u00fchasibatl\u0131q\" tabindex=\"-1\" >\n\t\t\tRead more \u00bb\t\t<\/a>\n\n\t\t\t\t<\/div>\n\t\t\t\t<\/article>\n\t\t\t\t<\/div>\n\t\t\n\t\t\t\t\t\t<\/div>\n\t\t\t\t<\/div>\n\t\t\t\t\t<\/div>\n\t\t<\/div>\n\t\t\t\t\t<\/div>\n\t\t<\/section>\n\t\t\t\t<\/div>\n\t\t","protected":false},"excerpt":{"rendered":"","protected":false},"author":1,"featured_media":0,"parent":0,"menu_order":0,"comment_status":"closed","ping_status":"closed","template":"","meta":{"_acf_changed":false,"inline_featured_image":false,"footnotes":""},"class_list":["post-1108","page","type-page","status-publish","hentry"],"acf":[],"yoast_head":"<!-- This site is optimized with the Yoast SEO Premium plugin v26.3 (Yoast SEO v27.4) - https:\/\/yoast.com\/product\/yoast-seo-premium-wordpress\/ -->\n<title>On accounting - https:\/\/smeltd.az<\/title>\n<meta name=\"robots\" content=\"index, follow, max-snippet:-1, max-image-preview:large, max-video-preview:-1\" \/>\n<link rel=\"canonical\" href=\"https:\/\/smeltd.az\/en\/muhasibat-uzre\/\" \/>\n<meta property=\"og:locale\" content=\"en_US\" \/>\n<meta property=\"og:type\" content=\"article\" \/>\n<meta property=\"og:title\" content=\"On accounting\" \/>\n<meta property=\"og:url\" content=\"https:\/\/smeltd.az\/en\/muhasibat-uzre\/\" \/>\n<meta property=\"og:site_name\" content=\"https:\/\/smeltd.az\" \/>\n<meta property=\"article:modified_time\" content=\"2021-11-03T05:36:21+00:00\" \/>\n<meta name=\"twitter:card\" content=\"summary_large_image\" \/>\n<script type=\"application\/ld+json\" class=\"yoast-schema-graph\">{\"@context\":\"https:\\\/\\\/schema.org\",\"@graph\":[{\"@type\":\"WebPage\",\"@id\":\"https:\\\/\\\/smeltd.az\\\/en\\\/muhasibat-uzre\\\/\",\"url\":\"https:\\\/\\\/smeltd.az\\\/en\\\/muhasibat-uzre\\\/\",\"name\":\"On accounting - https:\\\/\\\/smeltd.az\",\"isPartOf\":{\"@id\":\"https:\\\/\\\/smeltd.az\\\/en\\\/#website\"},\"datePublished\":\"2021-08-25T11:32:19+00:00\",\"dateModified\":\"2021-11-03T05:36:21+00:00\",\"breadcrumb\":{\"@id\":\"https:\\\/\\\/smeltd.az\\\/en\\\/muhasibat-uzre\\\/#breadcrumb\"},\"inLanguage\":\"en-US\",\"potentialAction\":[{\"@type\":\"ReadAction\",\"target\":[\"https:\\\/\\\/smeltd.az\\\/en\\\/muhasibat-uzre\\\/\"]}]},{\"@type\":\"BreadcrumbList\",\"@id\":\"https:\\\/\\\/smeltd.az\\\/en\\\/muhasibat-uzre\\\/#breadcrumb\",\"itemListElement\":[{\"@type\":\"ListItem\",\"position\":1,\"name\":\"Home\",\"item\":\"https:\\\/\\\/smeltd.az\\\/en\\\/\"},{\"@type\":\"ListItem\",\"position\":2,\"name\":\"On accounting\"}]},{\"@type\":\"WebSite\",\"@id\":\"https:\\\/\\\/smeltd.az\\\/en\\\/#website\",\"url\":\"https:\\\/\\\/smeltd.az\\\/en\\\/\",\"name\":\"https:\\\/\\\/smeltd.az\",\"description\":\"G\u0259l\u0259c\u0259k n\u0259aliyy\u0259tl\u0259r \u00fc\u00e7\u00fcn do\u011fru proqnoz \u00f6n\u0259mlidir.\",\"publisher\":{\"@id\":\"https:\\\/\\\/smeltd.az\\\/en\\\/#organization\"},\"potentialAction\":[{\"@type\":\"SearchAction\",\"target\":{\"@type\":\"EntryPoint\",\"urlTemplate\":\"https:\\\/\\\/smeltd.az\\\/en\\\/?s={search_term_string}\"},\"query-input\":{\"@type\":\"PropertyValueSpecification\",\"valueRequired\":true,\"valueName\":\"search_term_string\"}}],\"inLanguage\":\"en-US\"},{\"@type\":\"Organization\",\"@id\":\"https:\\\/\\\/smeltd.az\\\/en\\\/#organization\",\"name\":\"\u201cSME\u201d konsaltinq \u015firk\u0259ti\",\"url\":\"https:\\\/\\\/smeltd.az\\\/en\\\/\",\"logo\":{\"@type\":\"ImageObject\",\"inLanguage\":\"en-US\",\"@id\":\"https:\\\/\\\/smeltd.az\\\/en\\\/#\\\/schema\\\/logo\\\/image\\\/\",\"url\":\"https:\\\/\\\/smeltd.az\\\/wp-content\\\/uploads\\\/2022\\\/01\\\/jjjj-1.png\",\"contentUrl\":\"https:\\\/\\\/smeltd.az\\\/wp-content\\\/uploads\\\/2022\\\/01\\\/jjjj-1.png\",\"width\":2672,\"height\":1560,\"caption\":\"\u201cSME\u201d konsaltinq \u015firk\u0259ti\"},\"image\":{\"@id\":\"https:\\\/\\\/smeltd.az\\\/en\\\/#\\\/schema\\\/logo\\\/image\\\/\"}}]}<\/script>\n<!-- \/ Yoast SEO Premium plugin. -->","yoast_head_json":{"title":"On accounting - https:\/\/smeltd.az","robots":{"index":"index","follow":"follow","max-snippet":"max-snippet:-1","max-image-preview":"max-image-preview:large","max-video-preview":"max-video-preview:-1"},"canonical":"https:\/\/smeltd.az\/en\/muhasibat-uzre\/","og_locale":"en_US","og_type":"article","og_title":"On accounting","og_url":"https:\/\/smeltd.az\/en\/muhasibat-uzre\/","og_site_name":"https:\/\/smeltd.az","article_modified_time":"2021-11-03T05:36:21+00:00","twitter_card":"summary_large_image","schema":{"@context":"https:\/\/schema.org","@graph":[{"@type":"WebPage","@id":"https:\/\/smeltd.az\/en\/muhasibat-uzre\/","url":"https:\/\/smeltd.az\/en\/muhasibat-uzre\/","name":"On accounting - https:\/\/smeltd.az","isPartOf":{"@id":"https:\/\/smeltd.az\/en\/#website"},"datePublished":"2021-08-25T11:32:19+00:00","dateModified":"2021-11-03T05:36:21+00:00","breadcrumb":{"@id":"https:\/\/smeltd.az\/en\/muhasibat-uzre\/#breadcrumb"},"inLanguage":"en-US","potentialAction":[{"@type":"ReadAction","target":["https:\/\/smeltd.az\/en\/muhasibat-uzre\/"]}]},{"@type":"BreadcrumbList","@id":"https:\/\/smeltd.az\/en\/muhasibat-uzre\/#breadcrumb","itemListElement":[{"@type":"ListItem","position":1,"name":"Home","item":"https:\/\/smeltd.az\/en\/"},{"@type":"ListItem","position":2,"name":"On accounting"}]},{"@type":"WebSite","@id":"https:\/\/smeltd.az\/en\/#website","url":"https:\/\/smeltd.az\/en\/","name":"https:\/\/smeltd.az","description":"G\u0259l\u0259c\u0259k n\u0259aliyy\u0259tl\u0259r \u00fc\u00e7\u00fcn do\u011fru proqnoz \u00f6n\u0259mlidir.","publisher":{"@id":"https:\/\/smeltd.az\/en\/#organization"},"potentialAction":[{"@type":"SearchAction","target":{"@type":"EntryPoint","urlTemplate":"https:\/\/smeltd.az\/en\/?s={search_term_string}"},"query-input":{"@type":"PropertyValueSpecification","valueRequired":true,"valueName":"search_term_string"}}],"inLanguage":"en-US"},{"@type":"Organization","@id":"https:\/\/smeltd.az\/en\/#organization","name":"\u201cSME\u201d konsaltinq \u015firk\u0259ti","url":"https:\/\/smeltd.az\/en\/","logo":{"@type":"ImageObject","inLanguage":"en-US","@id":"https:\/\/smeltd.az\/en\/#\/schema\/logo\/image\/","url":"https:\/\/smeltd.az\/wp-content\/uploads\/2022\/01\/jjjj-1.png","contentUrl":"https:\/\/smeltd.az\/wp-content\/uploads\/2022\/01\/jjjj-1.png","width":2672,"height":1560,"caption":"\u201cSME\u201d konsaltinq \u015firk\u0259ti"},"image":{"@id":"https:\/\/smeltd.az\/en\/#\/schema\/logo\/image\/"}}]}},"_links":{"self":[{"href":"https:\/\/smeltd.az\/en\/wp-json\/wp\/v2\/pages\/1108","targetHints":{"allow":["GET"]}}],"collection":[{"href":"https:\/\/smeltd.az\/en\/wp-json\/wp\/v2\/pages"}],"about":[{"href":"https:\/\/smeltd.az\/en\/wp-json\/wp\/v2\/types\/page"}],"author":[{"embeddable":true,"href":"https:\/\/smeltd.az\/en\/wp-json\/wp\/v2\/users\/1"}],"replies":[{"embeddable":true,"href":"https:\/\/smeltd.az\/en\/wp-json\/wp\/v2\/comments?post=1108"}],"version-history":[{"count":0,"href":"https:\/\/smeltd.az\/en\/wp-json\/wp\/v2\/pages\/1108\/revisions"}],"wp:attachment":[{"href":"https:\/\/smeltd.az\/en\/wp-json\/wp\/v2\/media?parent=1108"}],"curies":[{"name":"wp","href":"https:\/\/api.w.org\/{rel}","templated":true}]}}