{"id":1064,"date":"2021-08-25T14:52:28","date_gmt":"2021-08-25T10:52:28","guid":{"rendered":"https:\/\/smeltd.az\/treninqler\/"},"modified":"2021-11-03T12:32:36","modified_gmt":"2021-11-03T08:32:36","slug":"treninqler","status":"publish","type":"page","link":"https:\/\/smeltd.az\/en\/treninqler\/","title":{"rendered":"Trainings"},"content":{"rendered":"\t\t<div data-elementor-type=\"wp-page\" data-elementor-id=\"1064\" class=\"elementor elementor-1064 elementor-378\" data-elementor-post-type=\"page\">\n\t\t\t\t\t\t<section class=\"has_ae_slider elementor-section elementor-top-section elementor-element elementor-element-395cf6b elementor-section-height-min-height elementor-section-boxed elementor-section-height-default elementor-section-items-middle ae-bg-gallery-type-default\" data-id=\"395cf6b\" data-element_type=\"section\" data-settings=\"{&quot;jet_parallax_layout_list&quot;:[{&quot;jet_parallax_layout_image&quot;:{&quot;url&quot;:&quot;&quot;,&quot;id&quot;:&quot;&quot;,&quot;size&quot;:&quot;&quot;},&quot;_id&quot;:&quot;81a6827&quot;,&quot;jet_parallax_layout_image_tablet&quot;:{&quot;url&quot;:&quot;&quot;,&quot;id&quot;:&quot;&quot;,&quot;size&quot;:&quot;&quot;},&quot;jet_parallax_layout_image_mobile&quot;:{&quot;url&quot;:&quot;&quot;,&quot;id&quot;:&quot;&quot;,&quot;size&quot;:&quot;&quot;},&quot;jet_parallax_layout_speed&quot;:{&quot;unit&quot;:&quot;%&quot;,&quot;size&quot;:50,&quot;sizes&quot;:[]},&quot;jet_parallax_layout_type&quot;:&quot;scroll&quot;,&quot;jet_parallax_layout_direction&quot;:&quot;1&quot;,&quot;jet_parallax_layout_fx_direction&quot;:null,&quot;jet_parallax_layout_z_index&quot;:&quot;&quot;,&quot;jet_parallax_layout_bg_x&quot;:50,&quot;jet_parallax_layout_bg_x_tablet&quot;:&quot;&quot;,&quot;jet_parallax_layout_bg_x_mobile&quot;:&quot;&quot;,&quot;jet_parallax_layout_bg_y&quot;:50,&quot;jet_parallax_layout_bg_y_tablet&quot;:&quot;&quot;,&quot;jet_parallax_layout_bg_y_mobile&quot;:&quot;&quot;,&quot;jet_parallax_layout_bg_size&quot;:&quot;auto&quot;,&quot;jet_parallax_layout_bg_size_tablet&quot;:&quot;&quot;,&quot;jet_parallax_layout_bg_size_mobile&quot;:&quot;&quot;,&quot;jet_parallax_layout_animation_prop&quot;:&quot;transform&quot;,&quot;jet_parallax_layout_on&quot;:[&quot;desktop&quot;,&quot;tablet&quot;]}],&quot;background_background&quot;:&quot;gradient&quot;}\">\n\t\t\t\t\t\t<div class=\"elementor-container elementor-column-gap-default\">\n\t\t\t\t\t<div class=\"has_ae_slider elementor-column elementor-col-100 elementor-top-column elementor-element elementor-element-1cfce38 ae-bg-gallery-type-default\" data-id=\"1cfce38\" data-element_type=\"column\">\n\t\t\t<div class=\"elementor-widget-wrap elementor-element-populated\">\n\t\t\t\t\t\t\t<\/div>\n\t\t<\/div>\n\t\t\t\t\t<\/div>\n\t\t<\/section>\n\t\t\t\t<section class=\"has_ae_slider elementor-section elementor-top-section elementor-element elementor-element-6cdde27 elementor-section-boxed elementor-section-height-default elementor-section-height-default ae-bg-gallery-type-default\" data-id=\"6cdde27\" data-element_type=\"section\" data-settings=\"{&quot;jet_parallax_layout_list&quot;:[{&quot;jet_parallax_layout_image&quot;:{&quot;url&quot;:&quot;&quot;,&quot;id&quot;:&quot;&quot;,&quot;size&quot;:&quot;&quot;},&quot;_id&quot;:&quot;556a06f&quot;,&quot;jet_parallax_layout_image_tablet&quot;:{&quot;url&quot;:&quot;&quot;,&quot;id&quot;:&quot;&quot;,&quot;size&quot;:&quot;&quot;},&quot;jet_parallax_layout_image_mobile&quot;:{&quot;url&quot;:&quot;&quot;,&quot;id&quot;:&quot;&quot;,&quot;size&quot;:&quot;&quot;},&quot;jet_parallax_layout_speed&quot;:{&quot;unit&quot;:&quot;%&quot;,&quot;size&quot;:50,&quot;sizes&quot;:[]},&quot;jet_parallax_layout_type&quot;:&quot;scroll&quot;,&quot;jet_parallax_layout_direction&quot;:&quot;1&quot;,&quot;jet_parallax_layout_fx_direction&quot;:null,&quot;jet_parallax_layout_z_index&quot;:&quot;&quot;,&quot;jet_parallax_layout_bg_x&quot;:50,&quot;jet_parallax_layout_bg_x_tablet&quot;:&quot;&quot;,&quot;jet_parallax_layout_bg_x_mobile&quot;:&quot;&quot;,&quot;jet_parallax_layout_bg_y&quot;:50,&quot;jet_parallax_layout_bg_y_tablet&quot;:&quot;&quot;,&quot;jet_parallax_layout_bg_y_mobile&quot;:&quot;&quot;,&quot;jet_parallax_layout_bg_size&quot;:&quot;auto&quot;,&quot;jet_parallax_layout_bg_size_tablet&quot;:&quot;&quot;,&quot;jet_parallax_layout_bg_size_mobile&quot;:&quot;&quot;,&quot;jet_parallax_layout_animation_prop&quot;:&quot;transform&quot;,&quot;jet_parallax_layout_on&quot;:[&quot;desktop&quot;,&quot;tablet&quot;]}],&quot;background_background&quot;:&quot;classic&quot;}\">\n\t\t\t\t\t\t<div class=\"elementor-container elementor-column-gap-default\">\n\t\t\t\t\t<div class=\"has_ae_slider elementor-column elementor-col-50 elementor-top-column elementor-element elementor-element-ca1eef4 ae-bg-gallery-type-default\" data-id=\"ca1eef4\" data-element_type=\"column\" data-settings=\"{&quot;background_background&quot;:&quot;classic&quot;}\">\n\t\t\t<div class=\"elementor-widget-wrap elementor-element-populated\">\n\t\t\t\t\t\t<div class=\"elementor-element elementor-element-1f7087c elementor-widget elementor-widget-image\" data-id=\"1f7087c\" data-element_type=\"widget\" data-widget_type=\"image.default\">\n\t\t\t\t<div class=\"elementor-widget-container\">\n\t\t\t\t\t\t\t\t\t\t\t\t\t\t\t<img loading=\"lazy\" decoding=\"async\" width=\"48\" height=\"48\" src=\"https:\/\/smeltd.az\/wp-content\/uploads\/2021\/08\/reward.svg\" class=\"attachment-full size-full wp-image-126\" alt=\"\" \/>\t\t\t\t\t\t\t\t\t\t\t\t\t\t\t<\/div>\n\t\t\t\t<\/div>\n\t\t\t\t<div class=\"elementor-element elementor-element-5a29211 elementor-widget elementor-widget-icon-box\" data-id=\"5a29211\" data-element_type=\"widget\" data-widget_type=\"icon-box.default\">\n\t\t\t\t<div class=\"elementor-widget-container\">\n\t\t\t\t\t\t\t<div class=\"elementor-icon-box-wrapper\">\n\n\t\t\t\n\t\t\t\t\t\t<div class=\"elementor-icon-box-content\">\n\n\t\t\t\t\t\t\t\t\t<h3 class=\"elementor-icon-box-title\">\n\t\t\t\t\t\t<a href=\"https:\/\/smeltd.az\/biznes-plan-uzre\/\" >\n\t\t\t\t\t\t\tOn the business plan\t\t\t\t\t\t<\/a>\n\t\t\t\t\t<\/h3>\n\t\t\t\t\n\t\t\t\t\n\t\t\t<\/div>\n\t\t\t\n\t\t<\/div>\n\t\t\t\t\t\t<\/div>\n\t\t\t\t<\/div>\n\t\t\t\t<div class=\"elementor-element elementor-element-98ea6bb elementor-widget elementor-widget-heading\" data-id=\"98ea6bb\" data-element_type=\"widget\" data-widget_type=\"heading.default\">\n\t\t\t\t<div class=\"elementor-widget-container\">\n\t\t\t\t\t<h2 class=\"elementor-heading-title elementor-size-default\"><a href=\"https:\/\/smeltd.az\/biznes-plan-uzre\/\">Read more<\/a><\/h2>\t\t\t\t<\/div>\n\t\t\t\t<\/div>\n\t\t\t\t\t<\/div>\n\t\t<\/div>\n\t\t\t\t<div class=\"has_ae_slider elementor-column elementor-col-50 elementor-top-column elementor-element elementor-element-e66f4ce ae-bg-gallery-type-default\" data-id=\"e66f4ce\" data-element_type=\"column\" data-settings=\"{&quot;background_background&quot;:&quot;classic&quot;}\">\n\t\t\t<div class=\"elementor-widget-wrap elementor-element-populated\">\n\t\t\t\t\t\t<div class=\"elementor-element elementor-element-2debe7e elementor-widget elementor-widget-image\" data-id=\"2debe7e\" data-element_type=\"widget\" data-widget_type=\"image.default\">\n\t\t\t\t<div class=\"elementor-widget-container\">\n\t\t\t\t\t\t\t\t\t\t\t\t\t\t\t<img loading=\"lazy\" decoding=\"async\" width=\"48\" height=\"48\" src=\"https:\/\/smeltd.az\/wp-content\/uploads\/2021\/08\/statistic-grow.svg\" class=\"attachment-full size-full wp-image-123\" alt=\"\" \/>\t\t\t\t\t\t\t\t\t\t\t\t\t\t\t<\/div>\n\t\t\t\t<\/div>\n\t\t\t\t<div class=\"elementor-element elementor-element-0664299 elementor-widget elementor-widget-icon-box\" data-id=\"0664299\" data-element_type=\"widget\" data-widget_type=\"icon-box.default\">\n\t\t\t\t<div class=\"elementor-widget-container\">\n\t\t\t\t\t\t\t<div class=\"elementor-icon-box-wrapper\">\n\n\t\t\t\n\t\t\t\t\t\t<div class=\"elementor-icon-box-content\">\n\n\t\t\t\t\t\t\t\t\t<h3 class=\"elementor-icon-box-title\">\n\t\t\t\t\t\t<a href=\"https:\/\/smeltd.az\/muhasibat-uzre\/\" >\n\t\t\t\t\t\t\tOn accounting\t\t\t\t\t\t<\/a>\n\t\t\t\t\t<\/h3>\n\t\t\t\t\n\t\t\t\t\n\t\t\t<\/div>\n\t\t\t\n\t\t<\/div>\n\t\t\t\t\t\t<\/div>\n\t\t\t\t<\/div>\n\t\t\t\t<div class=\"elementor-element elementor-element-9a6ded6 elementor-widget elementor-widget-heading\" data-id=\"9a6ded6\" data-element_type=\"widget\" data-widget_type=\"heading.default\">\n\t\t\t\t<div class=\"elementor-widget-container\">\n\t\t\t\t\t<h2 class=\"elementor-heading-title elementor-size-default\"><a href=\"https:\/\/smeltd.az\/muhasibat-uzre\/\">Read more<\/a><\/h2>\t\t\t\t<\/div>\n\t\t\t\t<\/div>\n\t\t\t\t\t<\/div>\n\t\t<\/div>\n\t\t\t\t\t<\/div>\n\t\t<\/section>\n\t\t\t\t<\/div>\n\t\t","protected":false},"excerpt":{"rendered":"<p>On the business plan Read more On accounting Read more<\/p>\n","protected":false},"author":1,"featured_media":0,"parent":0,"menu_order":0,"comment_status":"closed","ping_status":"closed","template":"","meta":{"_acf_changed":false,"inline_featured_image":false,"footnotes":""},"class_list":["post-1064","page","type-page","status-publish","hentry"],"acf":[],"yoast_head":"<!-- This site is optimized with the Yoast SEO Premium plugin v26.3 (Yoast SEO v27.4) - https:\/\/yoast.com\/product\/yoast-seo-premium-wordpress\/ -->\n<title>Trainings - https:\/\/smeltd.az<\/title>\n<meta name=\"robots\" content=\"index, follow, max-snippet:-1, max-image-preview:large, max-video-preview:-1\" \/>\n<link rel=\"canonical\" href=\"https:\/\/smeltd.az\/en\/treninqler\/\" \/>\n<meta property=\"og:locale\" content=\"en_US\" \/>\n<meta property=\"og:type\" content=\"article\" \/>\n<meta property=\"og:title\" content=\"Trainings\" \/>\n<meta property=\"og:description\" content=\"On the business plan Read more On accounting Read more\" \/>\n<meta property=\"og:url\" content=\"https:\/\/smeltd.az\/en\/treninqler\/\" \/>\n<meta property=\"og:site_name\" content=\"https:\/\/smeltd.az\" \/>\n<meta property=\"article:modified_time\" content=\"2021-11-03T08:32:36+00:00\" \/>\n<meta property=\"og:image\" content=\"https:\/\/smeltd.az\/wp-content\/uploads\/2021\/08\/reward.svg\" \/>\n<meta name=\"twitter:card\" content=\"summary_large_image\" \/>\n<script type=\"application\/ld+json\" class=\"yoast-schema-graph\">{\"@context\":\"https:\\\/\\\/schema.org\",\"@graph\":[{\"@type\":\"WebPage\",\"@id\":\"https:\\\/\\\/smeltd.az\\\/en\\\/treninqler\\\/\",\"url\":\"https:\\\/\\\/smeltd.az\\\/en\\\/treninqler\\\/\",\"name\":\"Trainings - https:\\\/\\\/smeltd.az\",\"isPartOf\":{\"@id\":\"https:\\\/\\\/smeltd.az\\\/en\\\/#website\"},\"primaryImageOfPage\":{\"@id\":\"https:\\\/\\\/smeltd.az\\\/en\\\/treninqler\\\/#primaryimage\"},\"image\":{\"@id\":\"https:\\\/\\\/smeltd.az\\\/en\\\/treninqler\\\/#primaryimage\"},\"thumbnailUrl\":\"https:\\\/\\\/smeltd.az\\\/wp-content\\\/uploads\\\/2021\\\/08\\\/reward.svg\",\"datePublished\":\"2021-08-25T10:52:28+00:00\",\"dateModified\":\"2021-11-03T08:32:36+00:00\",\"breadcrumb\":{\"@id\":\"https:\\\/\\\/smeltd.az\\\/en\\\/treninqler\\\/#breadcrumb\"},\"inLanguage\":\"en-US\",\"potentialAction\":[{\"@type\":\"ReadAction\",\"target\":[\"https:\\\/\\\/smeltd.az\\\/en\\\/treninqler\\\/\"]}]},{\"@type\":\"ImageObject\",\"inLanguage\":\"en-US\",\"@id\":\"https:\\\/\\\/smeltd.az\\\/en\\\/treninqler\\\/#primaryimage\",\"url\":\"https:\\\/\\\/smeltd.az\\\/wp-content\\\/uploads\\\/2021\\\/08\\\/reward.svg\",\"contentUrl\":\"https:\\\/\\\/smeltd.az\\\/wp-content\\\/uploads\\\/2021\\\/08\\\/reward.svg\"},{\"@type\":\"BreadcrumbList\",\"@id\":\"https:\\\/\\\/smeltd.az\\\/en\\\/treninqler\\\/#breadcrumb\",\"itemListElement\":[{\"@type\":\"ListItem\",\"position\":1,\"name\":\"Home\",\"item\":\"https:\\\/\\\/smeltd.az\\\/en\\\/\"},{\"@type\":\"ListItem\",\"position\":2,\"name\":\"Trainings\"}]},{\"@type\":\"WebSite\",\"@id\":\"https:\\\/\\\/smeltd.az\\\/en\\\/#website\",\"url\":\"https:\\\/\\\/smeltd.az\\\/en\\\/\",\"name\":\"https:\\\/\\\/smeltd.az\",\"description\":\"G\u0259l\u0259c\u0259k n\u0259aliyy\u0259tl\u0259r \u00fc\u00e7\u00fcn do\u011fru proqnoz \u00f6n\u0259mlidir.\",\"publisher\":{\"@id\":\"https:\\\/\\\/smeltd.az\\\/en\\\/#organization\"},\"potentialAction\":[{\"@type\":\"SearchAction\",\"target\":{\"@type\":\"EntryPoint\",\"urlTemplate\":\"https:\\\/\\\/smeltd.az\\\/en\\\/?s={search_term_string}\"},\"query-input\":{\"@type\":\"PropertyValueSpecification\",\"valueRequired\":true,\"valueName\":\"search_term_string\"}}],\"inLanguage\":\"en-US\"},{\"@type\":\"Organization\",\"@id\":\"https:\\\/\\\/smeltd.az\\\/en\\\/#organization\",\"name\":\"\u201cSME\u201d konsaltinq \u015firk\u0259ti\",\"url\":\"https:\\\/\\\/smeltd.az\\\/en\\\/\",\"logo\":{\"@type\":\"ImageObject\",\"inLanguage\":\"en-US\",\"@id\":\"https:\\\/\\\/smeltd.az\\\/en\\\/#\\\/schema\\\/logo\\\/image\\\/\",\"url\":\"https:\\\/\\\/smeltd.az\\\/wp-content\\\/uploads\\\/2022\\\/01\\\/jjjj-1.png\",\"contentUrl\":\"https:\\\/\\\/smeltd.az\\\/wp-content\\\/uploads\\\/2022\\\/01\\\/jjjj-1.png\",\"width\":2672,\"height\":1560,\"caption\":\"\u201cSME\u201d konsaltinq \u015firk\u0259ti\"},\"image\":{\"@id\":\"https:\\\/\\\/smeltd.az\\\/en\\\/#\\\/schema\\\/logo\\\/image\\\/\"}}]}<\/script>\n<!-- \/ Yoast SEO Premium plugin. -->","yoast_head_json":{"title":"Trainings - https:\/\/smeltd.az","robots":{"index":"index","follow":"follow","max-snippet":"max-snippet:-1","max-image-preview":"max-image-preview:large","max-video-preview":"max-video-preview:-1"},"canonical":"https:\/\/smeltd.az\/en\/treninqler\/","og_locale":"en_US","og_type":"article","og_title":"Trainings","og_description":"On the business plan Read more On accounting Read more","og_url":"https:\/\/smeltd.az\/en\/treninqler\/","og_site_name":"https:\/\/smeltd.az","article_modified_time":"2021-11-03T08:32:36+00:00","og_image":[{"url":"https:\/\/smeltd.az\/wp-content\/uploads\/2021\/08\/reward.svg","type":"","width":"","height":""}],"twitter_card":"summary_large_image","schema":{"@context":"https:\/\/schema.org","@graph":[{"@type":"WebPage","@id":"https:\/\/smeltd.az\/en\/treninqler\/","url":"https:\/\/smeltd.az\/en\/treninqler\/","name":"Trainings - https:\/\/smeltd.az","isPartOf":{"@id":"https:\/\/smeltd.az\/en\/#website"},"primaryImageOfPage":{"@id":"https:\/\/smeltd.az\/en\/treninqler\/#primaryimage"},"image":{"@id":"https:\/\/smeltd.az\/en\/treninqler\/#primaryimage"},"thumbnailUrl":"https:\/\/smeltd.az\/wp-content\/uploads\/2021\/08\/reward.svg","datePublished":"2021-08-25T10:52:28+00:00","dateModified":"2021-11-03T08:32:36+00:00","breadcrumb":{"@id":"https:\/\/smeltd.az\/en\/treninqler\/#breadcrumb"},"inLanguage":"en-US","potentialAction":[{"@type":"ReadAction","target":["https:\/\/smeltd.az\/en\/treninqler\/"]}]},{"@type":"ImageObject","inLanguage":"en-US","@id":"https:\/\/smeltd.az\/en\/treninqler\/#primaryimage","url":"https:\/\/smeltd.az\/wp-content\/uploads\/2021\/08\/reward.svg","contentUrl":"https:\/\/smeltd.az\/wp-content\/uploads\/2021\/08\/reward.svg"},{"@type":"BreadcrumbList","@id":"https:\/\/smeltd.az\/en\/treninqler\/#breadcrumb","itemListElement":[{"@type":"ListItem","position":1,"name":"Home","item":"https:\/\/smeltd.az\/en\/"},{"@type":"ListItem","position":2,"name":"Trainings"}]},{"@type":"WebSite","@id":"https:\/\/smeltd.az\/en\/#website","url":"https:\/\/smeltd.az\/en\/","name":"https:\/\/smeltd.az","description":"G\u0259l\u0259c\u0259k n\u0259aliyy\u0259tl\u0259r \u00fc\u00e7\u00fcn do\u011fru proqnoz \u00f6n\u0259mlidir.","publisher":{"@id":"https:\/\/smeltd.az\/en\/#organization"},"potentialAction":[{"@type":"SearchAction","target":{"@type":"EntryPoint","urlTemplate":"https:\/\/smeltd.az\/en\/?s={search_term_string}"},"query-input":{"@type":"PropertyValueSpecification","valueRequired":true,"valueName":"search_term_string"}}],"inLanguage":"en-US"},{"@type":"Organization","@id":"https:\/\/smeltd.az\/en\/#organization","name":"\u201cSME\u201d konsaltinq \u015firk\u0259ti","url":"https:\/\/smeltd.az\/en\/","logo":{"@type":"ImageObject","inLanguage":"en-US","@id":"https:\/\/smeltd.az\/en\/#\/schema\/logo\/image\/","url":"https:\/\/smeltd.az\/wp-content\/uploads\/2022\/01\/jjjj-1.png","contentUrl":"https:\/\/smeltd.az\/wp-content\/uploads\/2022\/01\/jjjj-1.png","width":2672,"height":1560,"caption":"\u201cSME\u201d konsaltinq \u015firk\u0259ti"},"image":{"@id":"https:\/\/smeltd.az\/en\/#\/schema\/logo\/image\/"}}]}},"_links":{"self":[{"href":"https:\/\/smeltd.az\/en\/wp-json\/wp\/v2\/pages\/1064","targetHints":{"allow":["GET"]}}],"collection":[{"href":"https:\/\/smeltd.az\/en\/wp-json\/wp\/v2\/pages"}],"about":[{"href":"https:\/\/smeltd.az\/en\/wp-json\/wp\/v2\/types\/page"}],"author":[{"embeddable":true,"href":"https:\/\/smeltd.az\/en\/wp-json\/wp\/v2\/users\/1"}],"replies":[{"embeddable":true,"href":"https:\/\/smeltd.az\/en\/wp-json\/wp\/v2\/comments?post=1064"}],"version-history":[{"count":0,"href":"https:\/\/smeltd.az\/en\/wp-json\/wp\/v2\/pages\/1064\/revisions"}],"wp:attachment":[{"href":"https:\/\/smeltd.az\/en\/wp-json\/wp\/v2\/media?parent=1064"}],"curies":[{"name":"wp","href":"https:\/\/api.w.org\/{rel}","templated":true}]}}